{"id":2061,"date":"2020-04-15T13:37:42","date_gmt":"2020-04-15T13:37:42","guid":{"rendered":"http:\/\/www.bpestudio.com.ar\/web\/?page_id=2061"},"modified":"2026-04-09T21:33:59","modified_gmt":"2026-04-09T21:33:59","slug":"blangino","status":"publish","type":"page","link":"https:\/\/www.bpestudio.com.ar\/web\/blangino\/","title":{"rendered":"Blangino"},"content":{"rendered":"<div class=\"brz-root__container brz-reset-all brz\">\n<section id=\"_saicajgathljukyidmwaekaogacridqpxvru\" class=\"brz-section brz-css-r_VhM\">\n<div class=\"brz-section__content brz-section--boxed brz-css-pfegW brz-css-xrVpx\" data-brz-custom-id=\"yiplmkkxrerfyfwnpbtwjpwnjwudnsjqoxbt\">\n<div class=\"brz-bg\">\n<div class=\"brz-bg-image\"><\/div>\n<\/div>\n<div class=\"brz-container brz-css-vitDU\">\n<div id=\"\" class=\"brz-css-zRugE brz-css-jy0RA brz-wrapper\">\n<div class=\"brz-spacer brz-css-ef_Gk\"><\/div>\n<\/div>\n<div id=\"\" class=\"brz-css-zRugE brz-css-jy0RA brz-wrapper\">\n<div class=\"brz-spacer brz-css-ef_Gk\"><\/div>\n<\/div>\n<div id=\"\" class=\"brz-css-zRugE brz-css-jy0RA brz-wrapper\">\n<div class=\"brz-spacer brz-css-ef_Gk\"><\/div>\n<\/div>\n<div id=\"\" class=\"brz-css-zRugE brz-css-jy0RA brz-wrapper\">\n<div class=\"brz-spacer brz-css-ef_Gk\"><\/div>\n<\/div>\n<div id=\"\" class=\"brz-css-zRugE brz-css-jy0RA brz-wrapper\">\n<div class=\"brz-spacer brz-css-ef_Gk\"><\/div>\n<\/div>\n<\/div>\n<\/div>\n<\/section>\n<section id=\"_yanmcfocbgpprfzcpsrfamktjxzcepfvqgwj\" class=\"brz-section brz-css-r_VhM\">\n<div class=\"brz-section__content brz-section--boxed brz-css-pfegW\" data-brz-custom-id=\"oeywovdilwpkddkephlwfxmmmtcqervfavoh\">\n<div class=\"brz-container brz-css-vitDU\">\n<div id=\"\" class=\"brz-css-zRugE brz-wrapper\">\n<div class=\"brz-rich-text brz-rich-text__custom brz-css-amwqL\" data-brz-custom-id=\"acjcfvisbcufvqzqqqyhkmndffsdsuxcafvg\">\n<div data-brz-translate-text=\"1\">\n<p class=\"brz-tp-heading3 brz-css-tojQq\">Blangino<\/p>\n<\/div>\n<\/div>\n<\/div>\n<div id=\"\" class=\"brz-css-zRugE brz-wrapper\">\n<div class=\"brz-rich-text brz-rich-text__custom brz-css-amwqL\" data-brz-custom-id=\"jecsvejgjbixeqpyzlbyqmfsgabuthamfmfg\">\n<div data-brz-translate-text=\"1\">\n<p class=\"brz-tp-paragraph brz-css-bnzxB\">Se nos encarg\u00f3 la realizaci\u00f3n del logo de 50 a\u00f1os de la firma Blangino para poner en su cat\u00e1logo.As\u00ed realizamos el dise\u00f1o editorial, cambiando la est\u00e9tica con que ven\u00eda trabajando la empresa hasta el momento.El logo de 50 a\u00f1os se utiliz\u00f3 todo ese a\u00f1o en diversas piezas comunicaciones.<\/p>\n<\/div>\n<\/div>\n<\/div>\n<div id=\"\" class=\"brz-css-zRugE brz-wrapper\">\n<div class=\"brz-rich-text brz-rich-text__custom brz-css-amwqL\" data-brz-custom-id=\"ooxvesokzhfbojbhjimhtapouxoazprmfhzw\">\n<div data-brz-translate-text=\"1\">\n<p class=\"brz-fs-xs-im-19 brz-fs-sm-im-19 brz-fs-lg-20 brz-lh-lg-1_9 brz-lh-sm-im-1_6 brz-lh-xs-im-1_6 brz-ls-lg-0 brz-ls-sm-im-0 brz-ls-xs-im-0 brz-ff-raleway brz-ft-google brz-fw-lg-400 brz-fw-sm-im-400 brz-fw-xs-im-400 brz-css-drNMA\"><strong>Servicios<\/strong><\/p>\n<\/div>\n<\/div>\n<\/div>\n<div id=\"\" class=\"brz-css-zRugE brz-wrapper\">\n<div class=\"brz-rich-text brz-rich-text__custom brz-css-amwqL\" data-brz-custom-id=\"bmlpmgshwrvdsxjkjnyhvyskiumalajzlcdo\">\n<div data-brz-translate-text=\"1\">\n<p class=\"brz-tp-paragraph brz-css-yTYt5\">Dise\u00f1o de logotipo 50 a\u00f1os y editorial.<\/p>\n<\/div>\n<\/div>\n<\/div>\n<\/div>\n<\/div>\n<\/section>\n<section id=\"_njcjoemgyysgwwfrihhdgnecsujvanbmtwvk\" class=\"brz-section brz-css-r_VhM\">\n<div class=\"brz-section__content brz-section--boxed brz-css-pfegW brz-css-zAbES\" data-brz-custom-id=\"octsgkbsigtueubginbsotqcxfrvyiujehvx\">\n<div class=\"brz-bg\">\n<div class=\"brz-bg-image\"><\/div>\n<\/div>\n<div class=\"brz-container brz-css-vitDU\">\n<div id=\"\" class=\"brz-css-zRugE brz-css-jy0RA brz-wrapper\">\n<div class=\"brz-spacer brz-css-ef_Gk\"><\/div>\n<\/div>\n<div id=\"\" class=\"brz-css-zRugE brz-css-jy0RA brz-wrapper\">\n<div class=\"brz-spacer brz-css-ef_Gk\"><\/div>\n<\/div>\n<div id=\"\" class=\"brz-css-zRugE brz-css-jy0RA brz-wrapper\">\n<div class=\"brz-spacer brz-css-ef_Gk\"><\/div>\n<\/div>\n<div id=\"\" class=\"brz-css-zRugE brz-css-jy0RA brz-wrapper\">\n<div class=\"brz-spacer brz-css-ef_Gk\"><\/div>\n<\/div>\n<div id=\"\" class=\"brz-css-zRugE brz-css-jy0RA brz-wrapper\">\n<div class=\"brz-spacer brz-css-ef_Gk\"><\/div>\n<\/div>\n<\/div>\n<\/div>\n<\/section>\n<section id=\"_msxgpvykwaoluitpwgwsxvxemsriwsrelqpz\" class=\"brz-section brz-css-r_VhM\">\n<div class=\"brz-section__content brz-section--boxed brz-css-pfegW brz-css-et7vl\" data-brz-custom-id=\"smjiznompfcwyyyalbmuqenngijftfbdbpsq\">\n<div class=\"brz-bg\">\n<div class=\"brz-bg-image\"><\/div>\n<\/div>\n<div class=\"brz-container brz-css-vitDU\">\n<div id=\"\" class=\"brz-css-zRugE brz-css-jy0RA brz-wrapper\">\n<div class=\"brz-spacer brz-css-ef_Gk\"><\/div>\n<\/div>\n<div id=\"\" class=\"brz-css-zRugE brz-css-jy0RA brz-wrapper\">\n<div class=\"brz-spacer brz-css-ef_Gk\"><\/div>\n<\/div>\n<div id=\"\" class=\"brz-css-zRugE brz-css-jy0RA brz-wrapper\">\n<div class=\"brz-spacer brz-css-ef_Gk\"><\/div>\n<\/div>\n<div id=\"\" class=\"brz-css-zRugE brz-css-jy0RA brz-wrapper\">\n<div class=\"brz-spacer brz-css-ef_Gk\"><\/div>\n<\/div>\n<div id=\"\" class=\"brz-css-zRugE brz-css-jy0RA brz-wrapper\">\n<div class=\"brz-spacer brz-css-ef_Gk\"><\/div>\n<\/div>\n<\/div>\n<\/div>\n<\/section>\n<section id=\"_jjezlrjjqixkmubrlmrlqpttdyscvpapcbyr\" class=\"brz-section brz-css-r_VhM\">\n<div class=\"brz-section__content brz-section--boxed brz-css-pfegW brz-css-iHir_\" data-brz-custom-id=\"vuijdfeafwmwwtchfjdbpneeieeivrqicchy\">\n<div class=\"brz-bg\">\n<div class=\"brz-bg-image\"><\/div>\n<\/div>\n<div class=\"brz-container brz-css-vitDU\">\n<div id=\"\" class=\"brz-css-zRugE brz-css-jy0RA brz-wrapper\">\n<div class=\"brz-spacer brz-css-ef_Gk\"><\/div>\n<\/div>\n<div id=\"\" class=\"brz-css-zRugE brz-css-jy0RA brz-wrapper\">\n<div class=\"brz-spacer brz-css-ef_Gk\"><\/div>\n<\/div>\n<div id=\"\" class=\"brz-css-zRugE brz-css-jy0RA brz-wrapper\">\n<div class=\"brz-spacer brz-css-ef_Gk\"><\/div>\n<\/div>\n<div id=\"\" class=\"brz-css-zRugE brz-css-jy0RA brz-wrapper\">\n<div class=\"brz-spacer brz-css-ef_Gk\"><\/div>\n<\/div>\n<div id=\"\" class=\"brz-css-zRugE brz-css-jy0RA brz-wrapper\">\n<div class=\"brz-spacer brz-css-ef_Gk\"><\/div>\n<\/div>\n<div id=\"\" class=\"brz-css-zRugE brz-css-jy0RA brz-wrapper\">\n<div class=\"brz-spacer brz-css-ef_Gk\"><\/div>\n<\/div>\n<div id=\"\" class=\"brz-css-zRugE brz-css-jy0RA brz-wrapper\">\n<div class=\"brz-spacer brz-css-ef_Gk\"><\/div>\n<\/div>\n<div id=\"\" class=\"brz-css-zRugE brz-css-jy0RA brz-wrapper\">\n<div class=\"brz-spacer brz-css-ef_Gk\"><\/div>\n<\/div>\n<div id=\"\" class=\"brz-css-zRugE brz-css-jy0RA brz-wrapper\">\n<div class=\"brz-spacer brz-css-ef_Gk\"><\/div>\n<\/div>\n<div id=\"\" class=\"brz-css-zRugE brz-css-jy0RA brz-wrapper\">\n<div class=\"brz-spacer brz-css-ef_Gk\"><\/div>\n<\/div>\n<div id=\"\" class=\"brz-css-zRugE brz-css-jy0RA brz-wrapper\">\n<div class=\"brz-spacer brz-css-ef_Gk\"><\/div>\n<\/div>\n<div id=\"\" class=\"brz-css-zRugE brz-css-jy0RA brz-wrapper\">\n<div class=\"brz-spacer brz-css-ef_Gk\"><\/div>\n<\/div>\n<div id=\"\" class=\"brz-css-zRugE brz-css-jy0RA brz-wrapper\">\n<div class=\"brz-spacer brz-css-ef_Gk\"><\/div>\n<\/div>\n<\/div>\n<\/div>\n<\/section>\n<section id=\"_ysnkxtywqunscpnhkyhabxgppxelcghcqcnb\" class=\"brz-section brz-css-r_VhM\">\n<div class=\"brz-section__content brz-section--boxed brz-css-pfegW brz-css-n9UYE\" data-brz-custom-id=\"unwjmvhymgkjglceyfxyooblcjujixueojah\">\n<div class=\"brz-bg\">\n<div class=\"brz-bg-image\"><\/div>\n<\/div>\n<div class=\"brz-container brz-css-vitDU\">\n<div id=\"\" class=\"brz-css-zRugE brz-css-jy0RA brz-wrapper\">\n<div class=\"brz-spacer brz-css-ef_Gk\"><\/div>\n<\/div>\n<div id=\"\" class=\"brz-css-zRugE brz-css-jy0RA brz-wrapper\">\n<div class=\"brz-spacer brz-css-ef_Gk\"><\/div>\n<\/div>\n<div id=\"\" class=\"brz-css-zRugE brz-css-jy0RA brz-wrapper\">\n<div class=\"brz-spacer brz-css-ef_Gk\"><\/div>\n<\/div>\n<div id=\"\" class=\"brz-css-zRugE brz-css-jy0RA brz-wrapper\">\n<div class=\"brz-spacer brz-css-ef_Gk\"><\/div>\n<\/div>\n<div id=\"\" class=\"brz-css-zRugE brz-css-jy0RA brz-wrapper\">\n<div class=\"brz-spacer brz-css-ef_Gk\"><\/div>\n<\/div>\n<div id=\"\" class=\"brz-css-zRugE brz-css-jy0RA brz-wrapper\">\n<div class=\"brz-spacer brz-css-ef_Gk\"><\/div>\n<\/div>\n<div id=\"\" class=\"brz-css-zRugE brz-css-jy0RA brz-wrapper\">\n<div class=\"brz-spacer brz-css-ef_Gk\"><\/div>\n<\/div>\n<div id=\"\" class=\"brz-css-zRugE brz-css-jy0RA brz-wrapper\">\n<div class=\"brz-spacer brz-css-ef_Gk\"><\/div>\n<\/div>\n<div id=\"\" class=\"brz-css-zRugE brz-css-jy0RA brz-wrapper\">\n<div class=\"brz-spacer brz-css-ef_Gk\"><\/div>\n<\/div>\n<div id=\"\" class=\"brz-css-zRugE brz-css-jy0RA brz-wrapper\">\n<div class=\"brz-spacer brz-css-ef_Gk\"><\/div>\n<\/div>\n<div id=\"\" class=\"brz-css-zRugE brz-css-jy0RA brz-wrapper\">\n<div class=\"brz-spacer brz-css-ef_Gk\"><\/div>\n<\/div>\n<div id=\"\" class=\"brz-css-zRugE brz-css-jy0RA brz-wrapper\">\n<div class=\"brz-spacer brz-css-ef_Gk\"><\/div>\n<\/div>\n<div id=\"\" class=\"brz-css-zRugE brz-css-jy0RA brz-wrapper\">\n<div class=\"brz-spacer brz-css-ef_Gk\"><\/div>\n<\/div>\n<div id=\"\" class=\"brz-css-zRugE brz-css-jy0RA brz-wrapper\">\n<div class=\"brz-spacer brz-css-ef_Gk\"><\/div>\n<\/div>\n<\/div>\n<\/div>\n<\/section>\n<section id=\"_ffnqdbbhlaeyttonxeqekfmayzuvmwxmtccl\" class=\"brz-section brz-css-r_VhM\">\n<div class=\"brz-section__content brz-section--boxed brz-css-pfegW brz-css-aK_Ef\" data-brz-custom-id=\"dzxzrryaglztoaeufcymzuentwnewvzhylul\">\n<div class=\"brz-bg\">\n<div class=\"brz-bg-color\"><\/div>\n<\/div>\n<div class=\"brz-container brz-css-vitDU\">\n<div class=\"brz-row__container brz-css-bTpSI\" data-brz-custom-id=\"jruguxwhnininagznpfuspwpdqmfdbauesex\">\n<div class=\"brz-bg\"><\/div>\n<div class=\"brz-row brz-css-jeULA brz-css-hjHsv\">\n<div class=\"brz-columns brz-css-pPP2D brz-css-eH17t\" data-brz-custom-id=\"mrqcgayjryniqlkjqermzqujjxjoxzncptzt\">\n<div class=\"brz-bg\"><\/div>\n<div class=\"brz-column__items brz-css-aMACE brz-css-kPsGg\">\n<div class=\"brz-row__container brz-css-bTpSI\" data-brz-custom-id=\"cbwrzknptrjfmsexasonhiqylxsxbnbdnmaq\">\n<div class=\"brz-bg\"><\/div>\n<div class=\"brz-row brz-row--inner brz-css-jeULA brz-css-hjHsv\">\n<div class=\"brz-columns brz-css-pPP2D brz-css-me7uV\" data-brz-custom-id=\"gfacgugfedxgubsizzbjblyciaukgkxdqwfk\">\n<div class=\"brz-bg\"><\/div>\n<div class=\"brz-column__items brz-css-aMACE\">\n<div id=\"\" class=\"brz-css-zRugE brz-css-e4SNg brz-wrapper\">\n<div class=\"brz-rich-text brz-rich-text__custom brz-css-amwqL\" data-brz-custom-id=\"bxhwzppvkxmykmesyruciunxeandkpevltbv\">\n<div data-brz-translate-text=\"1\">\n<p class=\"brz-tp-paragraph brz-bcp-color7 brz-text-lg-justify brz-css-diCkq\"><a class=\"link--external\" href=\"https:\/\/www.bpestudio.com.ar\/web\/la-fontana\/\" data-brz-link-type=\"external\"><strong>&lt; Trabajo anterior<\/strong><\/a><\/p>\n<\/div>\n<\/div>\n<\/div>\n<\/div>\n<\/div>\n<div class=\"brz-columns brz-css-pPP2D brz-css-dS4pW\" data-brz-custom-id=\"dyblwfkulvyptmamvsuahisshwesyzidirhh\">\n<div class=\"brz-bg\"><\/div>\n<div class=\"brz-column__items brz-css-aMACE\">\n<div class=\"brz-wrapper-clone brz-css-kHQv2 brz-css-e58Uh\">\n<div class=\"brz-d-xs-flex brz-flex-xs-wrap brz-css-vHtND\" data-brz-custom-id=\"\">\n<div class=\"brz-wrapper-clone__item\" id=\"jerulipntlkswqmvblyqbwzgcobkvslvcvgk\">\n<div class=\"brz-icon__container\" data-brz-custom-id=\"jerulipntlkswqmvblyqbwzgcobkvslvcvgk\">\n<div class=\"brz-hover-animation__container\" data-brz-hover-animationid=\"egqxxlqjfkifteiroyfwuqdufhlkziasgxnz\" data-brz-hover-options=\"%7B%22duration%22:600,%22iterations%22:1%7D\" data-brz-hover-reversible=\"true\" data-brz-hover-target=\"%22firstChild%22\"><a class=\"brz-a brz-anchor\" href=\"#_saicajgathljukyidmwaekaogacridqpxvru\" target=\"_self\" rel=\"noopener\" data-brz-link-type=\"anchor\"><span class=\"brz-icon brz-span brz-css-wwex8 brz-css-qdd2u\"><\/span><\/a><\/div>\n<\/div>\n<\/div>\n<\/div>\n<\/div>\n<\/div>\n<\/div>\n<div class=\"brz-columns brz-css-pPP2D brz-css-kzjBU\" data-brz-custom-id=\"ugmpooojekpqazvaksvrpblynamvhyaojnfs\">\n<div class=\"brz-bg\"><\/div>\n<div class=\"brz-column__items brz-css-aMACE\">\n<div id=\"\" class=\"brz-css-zRugE brz-css-qwEfw brz-wrapper\">\n<div class=\"brz-rich-text brz-rich-text__custom brz-css-amwqL\" data-brz-custom-id=\"wovmhzadcvfnuuihfkrqhgqlqmfsfehzntup\">\n<div data-brz-translate-text=\"1\">\n<p class=\"brz-text-lg-right brz-bcp-color7 brz-tp-paragraph brz-css-vibtR\"><a class=\"link--external\" href=\"http:\/\/www.bpestudio.com.ar\/web\/artesanos-del-sabor\/\" data-brz-link-type=\"external\"><strong>Siguiente trabajo &gt;<\/strong><\/a><span> <\/span><\/p>\n<\/div>\n<\/div>\n<\/div>\n<\/div>\n<\/div>\n<\/div>\n<\/div>\n<\/div>\n<\/div>\n<\/div>\n<\/div>\n<\/div>\n<\/div>\n<\/section>\n<\/div>\n<p>    <!-- version:1733378699 --><\/p>\n","protected":false},"excerpt":{"rendered":"<p>Blangino Se nos encarg\u00f3 la realizaci\u00f3n del logo de 50 a\u00f1os de la firma Blangino para poner en su cat\u00e1logo.As\u00ed realizamos el dise\u00f1o editorial, cambiando la est\u00e9tica con que ven\u00eda trabajando la empresa hasta el momento.El logo de 50 a\u00f1os se utiliz\u00f3 todo ese a\u00f1o en diversas piezas comunicaciones. Servicios Dise\u00f1o de logotipo 50 a\u00f1os [&hellip;]<\/p>\n","protected":false},"author":1,"featured_media":0,"parent":0,"menu_order":0,"comment_status":"closed","ping_status":"closed","template":"","meta":{"ocean_post_layout":"full-screen","ocean_both_sidebars_style":"","ocean_both_sidebars_content_width":0,"ocean_both_sidebars_sidebars_width":0,"ocean_sidebar":"0","ocean_second_sidebar":"0","ocean_disable_margins":"on","ocean_add_body_class":"","ocean_shortcode_before_top_bar":"","ocean_shortcode_after_top_bar":"","ocean_shortcode_before_header":"","ocean_shortcode_after_header":"","ocean_has_shortcode":"","ocean_shortcode_after_title":"","ocean_shortcode_before_footer_widgets":"","ocean_shortcode_after_footer_widgets":"","ocean_shortcode_before_footer_bottom":"","ocean_shortcode_after_footer_bottom":"","ocean_display_top_bar":"off","ocean_display_header":"on","ocean_header_style":"full_screen","ocean_center_header_left_menu":"0","ocean_custom_header_template":"0","ocean_custom_logo":0,"ocean_custom_retina_logo":0,"ocean_custom_logo_max_width":0,"ocean_custom_logo_tablet_max_width":0,"ocean_custom_logo_mobile_max_width":0,"ocean_custom_logo_max_height":0,"ocean_custom_logo_tablet_max_height":0,"ocean_custom_logo_mobile_max_height":0,"ocean_header_custom_menu":"0","ocean_menu_typo_font_family":"0","ocean_menu_typo_font_subset":"","ocean_menu_typo_font_size":0,"ocean_menu_typo_font_size_tablet":0,"ocean_menu_typo_font_size_mobile":0,"ocean_menu_typo_font_size_unit":"px","ocean_menu_typo_font_weight":"","ocean_menu_typo_font_weight_tablet":"","ocean_menu_typo_font_weight_mobile":"","ocean_menu_typo_transform":"","ocean_menu_typo_transform_tablet":"","ocean_menu_typo_transform_mobile":"","ocean_menu_typo_line_height":0,"ocean_menu_typo_line_height_tablet":0,"ocean_menu_typo_line_height_mobile":0,"ocean_menu_typo_line_height_unit":"","ocean_menu_typo_spacing":0,"ocean_menu_typo_spacing_tablet":0,"ocean_menu_typo_spacing_mobile":0,"ocean_menu_typo_spacing_unit":"","ocean_menu_link_color":"","ocean_menu_link_color_hover":"","ocean_menu_link_color_active":"","ocean_menu_link_background":"","ocean_menu_link_hover_background":"","ocean_menu_link_active_background":"","ocean_menu_social_links_bg":"","ocean_menu_social_hover_links_bg":"","ocean_menu_social_links_color":"","ocean_menu_social_hover_links_color":"","ocean_disable_title":"on","ocean_disable_heading":"default","ocean_post_title":"","ocean_post_subheading":"","ocean_post_title_style":"","ocean_post_title_background_color":"","ocean_post_title_background":0,"ocean_post_title_bg_image_position":"","ocean_post_title_bg_image_attachment":"","ocean_post_title_bg_image_repeat":"","ocean_post_title_bg_image_size":"","ocean_post_title_height":0,"ocean_post_title_bg_overlay":0.5,"ocean_post_title_bg_overlay_color":"","ocean_disable_breadcrumbs":"default","ocean_breadcrumbs_color":"","ocean_breadcrumbs_separator_color":"","ocean_breadcrumbs_links_color":"","ocean_breadcrumbs_links_hover_color":"","ocean_display_footer_widgets":"default","ocean_display_footer_bottom":"default","ocean_custom_footer_template":"0","_vp_format_video_url":"","_vp_image_focal_point":[],"_joinchat":[],"footnotes":""},"yoast_head":"<!-- This site is optimized with the Yoast SEO plugin v24.5 - https:\/\/yoast.com\/wordpress\/plugins\/seo\/ -->\n<title>Blangino - Break Point Estudio<\/title>\n<meta name=\"robots\" content=\"index, follow, max-snippet:-1, max-image-preview:large, max-video-preview:-1\" \/>\n<link rel=\"canonical\" href=\"https:\/\/www.bpestudio.com.ar\/web\/blangino\/\" \/>\n<meta property=\"og:locale\" content=\"es_ES\" \/>\n<meta property=\"og:type\" content=\"article\" \/>\n<meta property=\"og:title\" content=\"Blangino - Break Point Estudio\" \/>\n<meta property=\"og:description\" content=\"Blangino Se nos encarg\u00f3 la realizaci\u00f3n del logo de 50 a\u00f1os de la firma Blangino para poner en su cat\u00e1logo.As\u00ed realizamos el dise\u00f1o editorial, cambiando la est\u00e9tica con que ven\u00eda trabajando la empresa hasta el momento.El logo de 50 a\u00f1os se utiliz\u00f3 todo ese a\u00f1o en diversas piezas comunicaciones. Servicios Dise\u00f1o de logotipo 50 a\u00f1os [&hellip;]\" \/>\n<meta property=\"og:url\" content=\"https:\/\/www.bpestudio.com.ar\/web\/blangino\/\" \/>\n<meta property=\"og:site_name\" content=\"Break Point Estudio\" \/>\n<meta property=\"article:publisher\" content=\"https:\/\/www.facebook.com\/breakpointstudio\" \/>\n<meta property=\"article:modified_time\" content=\"2026-04-09T21:33:59+00:00\" \/>\n<meta name=\"twitter:card\" content=\"summary_large_image\" \/>\n<script type=\"application\/ld+json\" class=\"yoast-schema-graph\">{\"@context\":\"https:\/\/schema.org\",\"@graph\":[{\"@type\":\"WebPage\",\"@id\":\"https:\/\/www.bpestudio.com.ar\/web\/blangino\/\",\"url\":\"https:\/\/www.bpestudio.com.ar\/web\/blangino\/\",\"name\":\"Blangino - Break Point Estudio\",\"isPartOf\":{\"@id\":\"https:\/\/www.bpestudio.com.ar\/web\/#website\"},\"datePublished\":\"2020-04-15T13:37:42+00:00\",\"dateModified\":\"2026-04-09T21:33:59+00:00\",\"breadcrumb\":{\"@id\":\"https:\/\/www.bpestudio.com.ar\/web\/blangino\/#breadcrumb\"},\"inLanguage\":\"es\",\"potentialAction\":[{\"@type\":\"ReadAction\",\"target\":[\"https:\/\/www.bpestudio.com.ar\/web\/blangino\/\"]}]},{\"@type\":\"BreadcrumbList\",\"@id\":\"https:\/\/www.bpestudio.com.ar\/web\/blangino\/#breadcrumb\",\"itemListElement\":[{\"@type\":\"ListItem\",\"position\":1,\"name\":\"Portada\",\"item\":\"https:\/\/www.bpestudio.com.ar\/web\/\"},{\"@type\":\"ListItem\",\"position\":2,\"name\":\"Blangino\"}]},{\"@type\":\"WebSite\",\"@id\":\"https:\/\/www.bpestudio.com.ar\/web\/#website\",\"url\":\"https:\/\/www.bpestudio.com.ar\/web\/\",\"name\":\"breakpoint Estudio\",\"description\":\"Estudio de Dise\u00f1o Monte Cristo C\u00f3rdoba\",\"publisher\":{\"@id\":\"https:\/\/www.bpestudio.com.ar\/web\/#organization\"},\"potentialAction\":[{\"@type\":\"SearchAction\",\"target\":{\"@type\":\"EntryPoint\",\"urlTemplate\":\"https:\/\/www.bpestudio.com.ar\/web\/?s={search_term_string}\"},\"query-input\":{\"@type\":\"PropertyValueSpecification\",\"valueRequired\":true,\"valueName\":\"search_term_string\"}}],\"inLanguage\":\"es\"},{\"@type\":\"Organization\",\"@id\":\"https:\/\/www.bpestudio.com.ar\/web\/#organization\",\"name\":\"BREAKPOINT STUDIO\",\"url\":\"https:\/\/www.bpestudio.com.ar\/web\/\",\"logo\":{\"@type\":\"ImageObject\",\"inLanguage\":\"es\",\"@id\":\"https:\/\/www.bpestudio.com.ar\/web\/#\/schema\/logo\/image\/\",\"url\":\"https:\/\/www.bpestudio.com.ar\/web\/wp-content\/uploads\/2020\/04\/Logo-Breakpoint-2020-1.svg\",\"contentUrl\":\"https:\/\/www.bpestudio.com.ar\/web\/wp-content\/uploads\/2020\/04\/Logo-Breakpoint-2020-1.svg\",\"width\":1,\"height\":1,\"caption\":\"BREAKPOINT STUDIO\"},\"image\":{\"@id\":\"https:\/\/www.bpestudio.com.ar\/web\/#\/schema\/logo\/image\/\"},\"sameAs\":[\"https:\/\/www.facebook.com\/breakpointstudio\",\"https:\/\/www.instagram.com\/breakpointestudio\"]}]}<\/script>\n<!-- \/ Yoast SEO plugin. -->","yoast_head_json":{"title":"Blangino - Break Point Estudio","robots":{"index":"index","follow":"follow","max-snippet":"max-snippet:-1","max-image-preview":"max-image-preview:large","max-video-preview":"max-video-preview:-1"},"canonical":"https:\/\/www.bpestudio.com.ar\/web\/blangino\/","og_locale":"es_ES","og_type":"article","og_title":"Blangino - Break Point Estudio","og_description":"Blangino Se nos encarg\u00f3 la realizaci\u00f3n del logo de 50 a\u00f1os de la firma Blangino para poner en su cat\u00e1logo.As\u00ed realizamos el dise\u00f1o editorial, cambiando la est\u00e9tica con que ven\u00eda trabajando la empresa hasta el momento.El logo de 50 a\u00f1os se utiliz\u00f3 todo ese a\u00f1o en diversas piezas comunicaciones. Servicios Dise\u00f1o de logotipo 50 a\u00f1os [&hellip;]","og_url":"https:\/\/www.bpestudio.com.ar\/web\/blangino\/","og_site_name":"Break Point Estudio","article_publisher":"https:\/\/www.facebook.com\/breakpointstudio","article_modified_time":"2026-04-09T21:33:59+00:00","twitter_card":"summary_large_image","schema":{"@context":"https:\/\/schema.org","@graph":[{"@type":"WebPage","@id":"https:\/\/www.bpestudio.com.ar\/web\/blangino\/","url":"https:\/\/www.bpestudio.com.ar\/web\/blangino\/","name":"Blangino - Break Point Estudio","isPartOf":{"@id":"https:\/\/www.bpestudio.com.ar\/web\/#website"},"datePublished":"2020-04-15T13:37:42+00:00","dateModified":"2026-04-09T21:33:59+00:00","breadcrumb":{"@id":"https:\/\/www.bpestudio.com.ar\/web\/blangino\/#breadcrumb"},"inLanguage":"es","potentialAction":[{"@type":"ReadAction","target":["https:\/\/www.bpestudio.com.ar\/web\/blangino\/"]}]},{"@type":"BreadcrumbList","@id":"https:\/\/www.bpestudio.com.ar\/web\/blangino\/#breadcrumb","itemListElement":[{"@type":"ListItem","position":1,"name":"Portada","item":"https:\/\/www.bpestudio.com.ar\/web\/"},{"@type":"ListItem","position":2,"name":"Blangino"}]},{"@type":"WebSite","@id":"https:\/\/www.bpestudio.com.ar\/web\/#website","url":"https:\/\/www.bpestudio.com.ar\/web\/","name":"breakpoint Estudio","description":"Estudio de Dise\u00f1o Monte Cristo C\u00f3rdoba","publisher":{"@id":"https:\/\/www.bpestudio.com.ar\/web\/#organization"},"potentialAction":[{"@type":"SearchAction","target":{"@type":"EntryPoint","urlTemplate":"https:\/\/www.bpestudio.com.ar\/web\/?s={search_term_string}"},"query-input":{"@type":"PropertyValueSpecification","valueRequired":true,"valueName":"search_term_string"}}],"inLanguage":"es"},{"@type":"Organization","@id":"https:\/\/www.bpestudio.com.ar\/web\/#organization","name":"BREAKPOINT STUDIO","url":"https:\/\/www.bpestudio.com.ar\/web\/","logo":{"@type":"ImageObject","inLanguage":"es","@id":"https:\/\/www.bpestudio.com.ar\/web\/#\/schema\/logo\/image\/","url":"https:\/\/www.bpestudio.com.ar\/web\/wp-content\/uploads\/2020\/04\/Logo-Breakpoint-2020-1.svg","contentUrl":"https:\/\/www.bpestudio.com.ar\/web\/wp-content\/uploads\/2020\/04\/Logo-Breakpoint-2020-1.svg","width":1,"height":1,"caption":"BREAKPOINT STUDIO"},"image":{"@id":"https:\/\/www.bpestudio.com.ar\/web\/#\/schema\/logo\/image\/"},"sameAs":["https:\/\/www.facebook.com\/breakpointstudio","https:\/\/www.instagram.com\/breakpointestudio"]}]}},"brizy_media":[{"id":2065,"url":"https:\/\/www.bpestudio.com.ar\/web\/wp-content\/uploads\/2020\/04\/01-Interiores.jpg","name":"01-Interiores.jpg","meta":{"brizy_attachment_uid":"wp-58601696cddbab64d4f2173538d11cab","brizy_post_uid":["940a94c68130ddf261568d2c0c62a8eb"]}},{"id":2076,"url":"https:\/\/www.bpestudio.com.ar\/web\/wp-content\/uploads\/2020\/04\/02-Tapas.jpg","name":"02-Tapas.jpg","meta":{"brizy_attachment_uid":"wp-79e4d6a6ceeed1a1d5451554c43c64c8","brizy_post_uid":["940a94c68130ddf261568d2c0c62a8eb"]}},{"id":2083,"url":"https:\/\/www.bpestudio.com.ar\/web\/wp-content\/uploads\/2020\/04\/03-Interiores.jpg","name":"03-Interiores.jpg","meta":{"brizy_attachment_uid":"wp-64125f312817db48b622a798e44f814b","brizy_post_uid":["940a94c68130ddf261568d2c0c62a8eb"]}},{"id":2088,"url":"https:\/\/www.bpestudio.com.ar\/web\/wp-content\/uploads\/2020\/04\/04-Contratapa.jpg","name":"04-Contratapa.jpg","meta":{"brizy_attachment_uid":"wp-245a343bfc745ea83d0601013fe2bf99","brizy_post_uid":["940a94c68130ddf261568d2c0c62a8eb"]}},{"id":2098,"url":"https:\/\/www.bpestudio.com.ar\/web\/wp-content\/uploads\/2020\/04\/05-Contratapa.jpg","name":"05-Contratapa.jpg","meta":{"brizy_attachment_uid":"wp-c5db94256fc9ff60d927f734a856b9aa","brizy_post_uid":["940a94c68130ddf261568d2c0c62a8eb"]}}],"_links":{"self":[{"href":"https:\/\/www.bpestudio.com.ar\/web\/wp-json\/wp\/v2\/pages\/2061"}],"collection":[{"href":"https:\/\/www.bpestudio.com.ar\/web\/wp-json\/wp\/v2\/pages"}],"about":[{"href":"https:\/\/www.bpestudio.com.ar\/web\/wp-json\/wp\/v2\/types\/page"}],"author":[{"embeddable":true,"href":"https:\/\/www.bpestudio.com.ar\/web\/wp-json\/wp\/v2\/users\/1"}],"replies":[{"embeddable":true,"href":"https:\/\/www.bpestudio.com.ar\/web\/wp-json\/wp\/v2\/comments?post=2061"}],"version-history":[{"count":30,"href":"https:\/\/www.bpestudio.com.ar\/web\/wp-json\/wp\/v2\/pages\/2061\/revisions"}],"predecessor-version":[{"id":8003,"href":"https:\/\/www.bpestudio.com.ar\/web\/wp-json\/wp\/v2\/pages\/2061\/revisions\/8003"}],"wp:attachment":[{"href":"https:\/\/www.bpestudio.com.ar\/web\/wp-json\/wp\/v2\/media?parent=2061"}],"curies":[{"name":"wp","href":"https:\/\/api.w.org\/{rel}","templated":true}]}}