{"id":2503,"date":"2020-04-15T18:55:49","date_gmt":"2020-04-15T18:55:49","guid":{"rendered":"http:\/\/www.bpestudio.com.ar\/web\/?page_id=2503"},"modified":"2026-04-09T21:34:13","modified_gmt":"2026-04-09T21:34:13","slug":"garcia-acuna","status":"publish","type":"page","link":"https:\/\/www.bpestudio.com.ar\/web\/garcia-acuna\/","title":{"rendered":"Garc\u00eda Acu\u00f1a"},"content":{"rendered":"<div class=\"brz-root__container brz-reset-all brz\">\n<section id=\"_xhkljogmeqzzrjbugrylctgwrormmsmfqrug\" class=\"brz-section brz-css-r_CiR\">\n<div class=\"brz-section__content brz-section--boxed brz-css-xOb0J brz-css-jhaO4\" data-brz-custom-id=\"ygeqroqvtdpcktqjvkwcxvfkdywysryymcnp\">\n<div class=\"brz-bg\">\n<div class=\"brz-bg-image\"><\/div>\n<\/div>\n<div class=\"brz-container brz-css-zG_Z7\">\n<div id=\"\" class=\"brz-css-yueEa brz-css-u8R0D brz-wrapper\">\n<div class=\"brz-spacer brz-css-nxhQL\"><\/div>\n<\/div>\n<div id=\"\" class=\"brz-css-yueEa brz-css-u8R0D brz-wrapper\">\n<div class=\"brz-spacer brz-css-nxhQL\"><\/div>\n<\/div>\n<div id=\"\" class=\"brz-css-yueEa brz-css-u8R0D brz-wrapper\">\n<div class=\"brz-spacer brz-css-nxhQL\"><\/div>\n<\/div>\n<div id=\"\" class=\"brz-css-yueEa brz-css-u8R0D brz-wrapper\">\n<div class=\"brz-spacer brz-css-nxhQL\"><\/div>\n<\/div>\n<\/div>\n<\/div>\n<\/section>\n<section id=\"_fslgdxqdlnidhychhjusrzreuyghmutvrxeb\" class=\"brz-section brz-css-r_CiR\">\n<div class=\"brz-section__content brz-section--boxed brz-css-xOb0J\" data-brz-custom-id=\"urhvsosfrgytejglnynoldqxgfmofkovqjki\">\n<div class=\"brz-container brz-css-zG_Z7\">\n<div id=\"\" class=\"brz-css-yueEa brz-wrapper\">\n<div class=\"brz-rich-text brz-rich-text__custom brz-css-cioW2\" data-brz-custom-id=\"hekdgsxocwvdykmcixilnsrvbcafhejozinl\">\n<div data-brz-translate-text=\"1\">\n<p class=\"brz-tp-heading3 brz-css-fQBlC\"><span>Garc\u00eda Acu\u00f1a<\/span><\/p>\n<\/div>\n<\/div>\n<\/div>\n<div id=\"\" class=\"brz-css-yueEa brz-wrapper\">\n<div class=\"brz-rich-text brz-rich-text__custom brz-css-cioW2\" data-brz-custom-id=\"gcgvmmosrezxardytmvbsioacuhbvoewezip\">\n<div data-brz-translate-text=\"1\">\n<p class=\"brz-tp-paragraph brz-css-jOxMY\"><span>Despu\u00e9s que la fiesta pase, lo \u00fanico que quedar\u00e1 ser\u00e1n las fotos. La fotograf\u00eda est\u00e1 asociada a los recuerdos. Ese c\u00famulo de sensaciones y sentimientos vividos en un tiempo tan corto, pero planeado con mucha antelaci\u00f3n y ansiedad. Andrea y Rub\u00e9n son pareja y son fot\u00f3grafos. Ven\u00edan trabajando muchos a\u00f1os juntos sin animarse a asociarse y cuando finalmente se decidieron nos llamaron para encontrar ese elemento que los conectaran. La idea sali\u00f3 luego de la reuni\u00f3n, muy r\u00e1pido. Unirlos mediante las particularidades de sus apellidos. Y as\u00ed qued\u00f3.<\/span><\/p>\n<\/div>\n<\/div>\n<\/div>\n<div id=\"\" class=\"brz-css-yueEa brz-wrapper\">\n<div class=\"brz-rich-text brz-rich-text__custom brz-css-cioW2\" data-brz-custom-id=\"zoqomoqsxpwnoxfoljlnighrlmnsxuelilof\">\n<div data-brz-translate-text=\"1\">\n<p class=\"brz-fw-xs-im-400 brz-fw-sm-im-400 brz-fw-lg-400 brz-ft-google brz-ff-raleway brz-ls-xs-im-0 brz-ls-sm-im-0 brz-ls-lg-0 brz-lh-xs-im-1_6 brz-lh-sm-im-1_6 brz-lh-lg-1_9 brz-fs-lg-20 brz-fs-sm-im-19 brz-fs-xs-im-19 brz-css-vnAlt\"><strong>Servicios<\/strong><\/p>\n<\/div>\n<\/div>\n<\/div>\n<div id=\"\" class=\"brz-css-yueEa brz-wrapper\">\n<div class=\"brz-rich-text brz-rich-text__custom brz-css-cioW2\" data-brz-custom-id=\"eqzpkpnthhslsxsqsymjheueaqgjiatacrbr\">\n<div data-brz-translate-text=\"1\">\n<p class=\"brz-tp-paragraph brz-css-sScpc\"><span>Dise\u00f1o de Logotipo. Aplicaciones.<\/span><\/p>\n<\/div>\n<\/div>\n<\/div>\n<\/div>\n<\/div>\n<\/section>\n<section id=\"_frpbvaelqomztgejgvvqufpzwxxgxgqwpzww\" class=\"brz-section brz-css-r_CiR\">\n<div class=\"brz-section__content brz-section--boxed brz-css-xOb0J brz-css-fSmnf\" data-brz-custom-id=\"ktdaowobrdnifdfepqqhndeurgllrsptixvw\">\n<div class=\"brz-bg\">\n<div class=\"brz-bg-image\"><\/div>\n<\/div>\n<div class=\"brz-container brz-css-zG_Z7\">\n<div id=\"\" class=\"brz-css-yueEa brz-css-u8R0D brz-wrapper\">\n<div class=\"brz-spacer brz-css-nxhQL\"><\/div>\n<\/div>\n<div id=\"\" class=\"brz-css-yueEa brz-css-u8R0D brz-wrapper\">\n<div class=\"brz-spacer brz-css-nxhQL\"><\/div>\n<\/div>\n<div id=\"\" class=\"brz-css-yueEa brz-css-u8R0D brz-wrapper\">\n<div class=\"brz-spacer brz-css-nxhQL\"><\/div>\n<\/div>\n<div id=\"\" class=\"brz-css-yueEa brz-css-u8R0D brz-wrapper\">\n<div class=\"brz-spacer brz-css-nxhQL\"><\/div>\n<\/div>\n<div id=\"\" class=\"brz-css-yueEa brz-css-u8R0D brz-wrapper\">\n<div class=\"brz-spacer brz-css-nxhQL\"><\/div>\n<\/div>\n<div id=\"\" class=\"brz-css-yueEa brz-css-u8R0D brz-wrapper\">\n<div class=\"brz-spacer brz-css-nxhQL\"><\/div>\n<\/div>\n<div id=\"\" class=\"brz-css-yueEa brz-css-u8R0D brz-wrapper\">\n<div class=\"brz-spacer brz-css-nxhQL\"><\/div>\n<\/div>\n<\/div>\n<\/div>\n<\/section>\n<section id=\"_jmbwfljomqegxmnirgmlgwsdplintstddvmw\" class=\"brz-section brz-css-r_CiR\">\n<div class=\"brz-section__content brz-section--boxed brz-css-xOb0J brz-css-kxPo5\" data-brz-custom-id=\"vqmtpdstcvgfljhnighaqedthcbornhgotzl\">\n<div class=\"brz-bg\">\n<div class=\"brz-bg-image\"><\/div>\n<\/div>\n<div class=\"brz-container brz-css-zG_Z7\">\n<div id=\"\" class=\"brz-css-yueEa brz-css-u8R0D brz-wrapper\">\n<div class=\"brz-spacer brz-css-nxhQL\"><\/div>\n<\/div>\n<div id=\"\" class=\"brz-css-yueEa brz-css-u8R0D brz-wrapper\">\n<div class=\"brz-spacer brz-css-nxhQL\"><\/div>\n<\/div>\n<div id=\"\" class=\"brz-css-yueEa brz-css-u8R0D brz-wrapper\">\n<div class=\"brz-spacer brz-css-nxhQL\"><\/div>\n<\/div>\n<div id=\"\" class=\"brz-css-yueEa brz-css-u8R0D brz-wrapper\">\n<div class=\"brz-spacer brz-css-nxhQL\"><\/div>\n<\/div>\n<div id=\"\" class=\"brz-css-yueEa brz-css-u8R0D brz-wrapper\">\n<div class=\"brz-spacer brz-css-nxhQL\"><\/div>\n<\/div>\n<div id=\"\" class=\"brz-css-yueEa brz-css-u8R0D brz-wrapper\">\n<div class=\"brz-spacer brz-css-nxhQL\"><\/div>\n<\/div>\n<\/div>\n<\/div>\n<\/section>\n<section id=\"_nohlzksrdawghvdlfcukpshzbprshoyxbobv\" class=\"brz-section brz-css-r_CiR\">\n<div class=\"brz-section__content brz-section--boxed brz-css-xOb0J brz-css-koe6R\" data-brz-custom-id=\"ukgasbxcefzdmfjfuruacskjfdhnlktobifx\">\n<div class=\"brz-bg\">\n<div class=\"brz-bg-image\"><\/div>\n<\/div>\n<div class=\"brz-container brz-css-zG_Z7\">\n<div id=\"\" class=\"brz-css-yueEa brz-css-u8R0D brz-wrapper\">\n<div class=\"brz-spacer brz-css-nxhQL\"><\/div>\n<\/div>\n<div id=\"\" class=\"brz-css-yueEa brz-css-u8R0D brz-wrapper\">\n<div class=\"brz-spacer brz-css-nxhQL\"><\/div>\n<\/div>\n<div id=\"\" class=\"brz-css-yueEa brz-css-u8R0D brz-wrapper\">\n<div class=\"brz-spacer brz-css-nxhQL\"><\/div>\n<\/div>\n<div id=\"\" class=\"brz-css-yueEa brz-css-u8R0D brz-wrapper\">\n<div class=\"brz-spacer brz-css-nxhQL\"><\/div>\n<\/div>\n<div id=\"\" class=\"brz-css-yueEa brz-css-u8R0D brz-wrapper\">\n<div class=\"brz-spacer brz-css-nxhQL\"><\/div>\n<\/div>\n<\/div>\n<\/div>\n<\/section>\n<section id=\"_tiyavynvygxrjqylvuhxhlqdjaysqakbklmo\" class=\"brz-section brz-css-r_CiR\">\n<div class=\"brz-section__content brz-section--boxed brz-css-xOb0J brz-css-wsOvD\" data-brz-custom-id=\"espetgjurktoqwjdpyibrqxycsowcmkibbnn\">\n<div class=\"brz-bg\">\n<div class=\"brz-bg-image\"><\/div>\n<\/div>\n<div class=\"brz-container brz-css-zG_Z7\">\n<div id=\"\" class=\"brz-css-yueEa brz-css-u8R0D brz-wrapper\">\n<div class=\"brz-spacer brz-css-nxhQL\"><\/div>\n<\/div>\n<div id=\"\" class=\"brz-css-yueEa brz-css-u8R0D brz-wrapper\">\n<div class=\"brz-spacer brz-css-nxhQL\"><\/div>\n<\/div>\n<div id=\"\" class=\"brz-css-yueEa brz-css-u8R0D brz-wrapper\">\n<div class=\"brz-spacer brz-css-nxhQL\"><\/div>\n<\/div>\n<div id=\"\" class=\"brz-css-yueEa brz-css-u8R0D brz-wrapper\">\n<div class=\"brz-spacer brz-css-nxhQL\"><\/div>\n<\/div>\n<div id=\"\" class=\"brz-css-yueEa brz-css-u8R0D brz-wrapper\">\n<div class=\"brz-spacer brz-css-nxhQL\"><\/div>\n<\/div>\n<div id=\"\" class=\"brz-css-yueEa brz-css-u8R0D brz-wrapper\">\n<div class=\"brz-spacer brz-css-nxhQL\"><\/div>\n<\/div>\n<div id=\"\" class=\"brz-css-yueEa brz-css-u8R0D brz-wrapper\">\n<div class=\"brz-spacer brz-css-nxhQL\"><\/div>\n<\/div>\n<div id=\"\" class=\"brz-css-yueEa brz-css-u8R0D brz-wrapper\">\n<div class=\"brz-spacer brz-css-nxhQL\"><\/div>\n<\/div>\n<div id=\"\" class=\"brz-css-yueEa brz-css-u8R0D brz-wrapper\">\n<div class=\"brz-spacer brz-css-nxhQL\"><\/div>\n<\/div>\n<div id=\"\" class=\"brz-css-yueEa brz-css-u8R0D brz-wrapper\">\n<div class=\"brz-spacer brz-css-nxhQL\"><\/div>\n<\/div>\n<div id=\"\" class=\"brz-css-yueEa brz-css-u8R0D brz-wrapper\">\n<div class=\"brz-spacer brz-css-nxhQL\"><\/div>\n<\/div>\n<div id=\"\" class=\"brz-css-yueEa brz-css-u8R0D brz-wrapper\">\n<div class=\"brz-spacer brz-css-nxhQL\"><\/div>\n<\/div>\n<div id=\"\" class=\"brz-css-yueEa brz-css-u8R0D brz-wrapper\">\n<div class=\"brz-spacer brz-css-nxhQL\"><\/div>\n<\/div>\n<\/div>\n<\/div>\n<\/section>\n<section id=\"_ktyoxoonhrcetuupvqunmgzxsfxdfgewjvau\" class=\"brz-section brz-css-r_CiR\">\n<div class=\"brz-section__content brz-section--boxed brz-css-xOb0J brz-css-yTMNi\" data-brz-custom-id=\"eiglawpjtufgffgfnifpfuhqhaofmcrhgqyw\">\n<div class=\"brz-bg\">\n<div class=\"brz-bg-color\"><\/div>\n<\/div>\n<div class=\"brz-container brz-css-zG_Z7\">\n<div class=\"brz-row__container brz-css-uQJQN\" data-brz-custom-id=\"rtrlfnulqdjqnwkqrtppqzdydbgfsgumcilj\">\n<div class=\"brz-bg\"><\/div>\n<div class=\"brz-row brz-css-ch22J brz-css-q9E3O\">\n<div class=\"brz-columns brz-css-aCGs_ brz-css-yWCuC\" data-brz-custom-id=\"jznjjjqrkxkxyahmxxlmixhqlmgxffiydbbm\">\n<div class=\"brz-bg\"><\/div>\n<div class=\"brz-column__items brz-css-aq1fc brz-css-n30fe\">\n<div class=\"brz-row__container brz-css-uQJQN\" data-brz-custom-id=\"ginvrtdrdktyahpyaeewxfbolmtzhfqroodu\">\n<div class=\"brz-bg\"><\/div>\n<div class=\"brz-row brz-row--inner brz-css-ch22J brz-css-q9E3O\">\n<div class=\"brz-columns brz-css-aCGs_ brz-css-cZ7sn\" data-brz-custom-id=\"gdiqfkyvsibdjqtoqzxjchqjlvrmdgdkwsqj\">\n<div class=\"brz-bg\"><\/div>\n<div class=\"brz-column__items brz-css-aq1fc\">\n<div id=\"\" class=\"brz-css-yueEa brz-css-kFJMk brz-wrapper\">\n<div class=\"brz-rich-text brz-rich-text__custom brz-css-cioW2\" data-brz-custom-id=\"duzyzjllakbulsziooruyiuzrtqqdbvydhbu\">\n<div data-brz-translate-text=\"1\">\n<p class=\"brz-tp-paragraph brz-bcp-color7 brz-text-lg-justify brz-css-snmTV\"><a class=\"link--external\" href=\"https:\/\/www.bpestudio.com.ar\/web\/club-monroe\/\" data-brz-link-type=\"external\"><strong>&lt; Trabajo anterior<\/strong><\/a><\/p>\n<\/div>\n<\/div>\n<\/div>\n<\/div>\n<\/div>\n<div class=\"brz-columns brz-css-aCGs_ brz-css-fC87I\" data-brz-custom-id=\"osqmmhxvxmtfiklqcbamlrvoloxebqtjfcsn\">\n<div class=\"brz-bg\"><\/div>\n<div class=\"brz-column__items brz-css-aq1fc\">\n<div class=\"brz-wrapper-clone brz-css-feowu brz-css-zNcnf\">\n<div class=\"brz-d-xs-flex brz-flex-xs-wrap brz-css-nlMG_\" data-brz-custom-id=\"\">\n<div class=\"brz-wrapper-clone__item\" id=\"ojadokflztnggrvnzosxmvognedfqcrkryzg\">\n<div class=\"brz-icon__container\" data-brz-custom-id=\"ojadokflztnggrvnzosxmvognedfqcrkryzg\">\n<div class=\"brz-hover-animation__container\" data-brz-hover-animationid=\"rshagapdtzwpujpqenecucryqpsmvwajfcyu\" data-brz-hover-options=\"%7B%22duration%22:600,%22iterations%22:1%7D\" data-brz-hover-reversible=\"true\" data-brz-hover-target=\"%22firstChild%22\"><a class=\"brz-a brz-anchor\" href=\"#_xhkljogmeqzzrjbugrylctgwrormmsmfqrug\" target=\"_self\" rel=\"noopener\" data-brz-link-type=\"anchor\"><span class=\"brz-icon brz-span brz-css-u_z8J brz-css-vDxRt\"><\/span><\/a><\/div>\n<\/div>\n<\/div>\n<\/div>\n<\/div>\n<\/div>\n<\/div>\n<div class=\"brz-columns brz-css-aCGs_ brz-css-ejyBN\" data-brz-custom-id=\"tgnubzuioqxoqfdjmlnepnnfmzpzyxcublwn\">\n<div class=\"brz-bg\"><\/div>\n<div class=\"brz-column__items brz-css-aq1fc\">\n<div id=\"\" class=\"brz-css-yueEa brz-css-tqU_X brz-wrapper\">\n<div class=\"brz-rich-text brz-rich-text__custom brz-css-cioW2\" data-brz-custom-id=\"hftmixfokwhvzkrgnlehukeuwymrnvshgmuo\">\n<div data-brz-translate-text=\"1\">\n<p class=\"brz-text-lg-right brz-bcp-color7 brz-tp-paragraph brz-css-iPyRt\"><a class=\"link--external\" href=\"https:\/\/www.bpestudio.com.ar\/web\/florentino\/\" data-brz-link-type=\"external\"><strong>Siguiente trabajo &gt;<\/strong><\/a><span> <\/span><\/p>\n<\/div>\n<\/div>\n<\/div>\n<\/div>\n<\/div>\n<\/div>\n<\/div>\n<\/div>\n<\/div>\n<\/div>\n<\/div>\n<\/div>\n<\/div>\n<\/section>\n<\/div>\n<p>    <!-- version:1732656076 --><\/p>\n","protected":false},"excerpt":{"rendered":"<p>Garc\u00eda Acu\u00f1a Despu\u00e9s que la fiesta pase, lo \u00fanico que quedar\u00e1 ser\u00e1n las fotos. La fotograf\u00eda est\u00e1 asociada a los recuerdos. Ese c\u00famulo de sensaciones y sentimientos vividos en un tiempo tan corto, pero planeado con mucha antelaci\u00f3n y ansiedad. Andrea y Rub\u00e9n son pareja y son fot\u00f3grafos. Ven\u00edan trabajando muchos a\u00f1os juntos sin animarse [&hellip;]<\/p>\n","protected":false},"author":1,"featured_media":0,"parent":0,"menu_order":0,"comment_status":"closed","ping_status":"closed","template":"","meta":{"ocean_post_layout":"full-screen","ocean_both_sidebars_style":"","ocean_both_sidebars_content_width":0,"ocean_both_sidebars_sidebars_width":0,"ocean_sidebar":"0","ocean_second_sidebar":"0","ocean_disable_margins":"on","ocean_add_body_class":"","ocean_shortcode_before_top_bar":"","ocean_shortcode_after_top_bar":"","ocean_shortcode_before_header":"","ocean_shortcode_after_header":"","ocean_has_shortcode":"","ocean_shortcode_after_title":"","ocean_shortcode_before_footer_widgets":"","ocean_shortcode_after_footer_widgets":"","ocean_shortcode_before_footer_bottom":"","ocean_shortcode_after_footer_bottom":"","ocean_display_top_bar":"off","ocean_display_header":"on","ocean_header_style":"full_screen","ocean_center_header_left_menu":"0","ocean_custom_header_template":"0","ocean_custom_logo":0,"ocean_custom_retina_logo":0,"ocean_custom_logo_max_width":0,"ocean_custom_logo_tablet_max_width":0,"ocean_custom_logo_mobile_max_width":0,"ocean_custom_logo_max_height":0,"ocean_custom_logo_tablet_max_height":0,"ocean_custom_logo_mobile_max_height":0,"ocean_header_custom_menu":"0","ocean_menu_typo_font_family":"0","ocean_menu_typo_font_subset":"","ocean_menu_typo_font_size":0,"ocean_menu_typo_font_size_tablet":0,"ocean_menu_typo_font_size_mobile":0,"ocean_menu_typo_font_size_unit":"px","ocean_menu_typo_font_weight":"","ocean_menu_typo_font_weight_tablet":"","ocean_menu_typo_font_weight_mobile":"","ocean_menu_typo_transform":"","ocean_menu_typo_transform_tablet":"","ocean_menu_typo_transform_mobile":"","ocean_menu_typo_line_height":0,"ocean_menu_typo_line_height_tablet":0,"ocean_menu_typo_line_height_mobile":0,"ocean_menu_typo_line_height_unit":"","ocean_menu_typo_spacing":0,"ocean_menu_typo_spacing_tablet":0,"ocean_menu_typo_spacing_mobile":0,"ocean_menu_typo_spacing_unit":"","ocean_menu_link_color":"","ocean_menu_link_color_hover":"","ocean_menu_link_color_active":"","ocean_menu_link_background":"","ocean_menu_link_hover_background":"","ocean_menu_link_active_background":"","ocean_menu_social_links_bg":"","ocean_menu_social_hover_links_bg":"","ocean_menu_social_links_color":"","ocean_menu_social_hover_links_color":"","ocean_disable_title":"on","ocean_disable_heading":"default","ocean_post_title":"","ocean_post_subheading":"","ocean_post_title_style":"","ocean_post_title_background_color":"","ocean_post_title_background":0,"ocean_post_title_bg_image_position":"","ocean_post_title_bg_image_attachment":"","ocean_post_title_bg_image_repeat":"","ocean_post_title_bg_image_size":"","ocean_post_title_height":0,"ocean_post_title_bg_overlay":0.5,"ocean_post_title_bg_overlay_color":"","ocean_disable_breadcrumbs":"default","ocean_breadcrumbs_color":"","ocean_breadcrumbs_separator_color":"","ocean_breadcrumbs_links_color":"","ocean_breadcrumbs_links_hover_color":"","ocean_display_footer_widgets":"default","ocean_display_footer_bottom":"default","ocean_custom_footer_template":"0","_vp_format_video_url":"","_vp_image_focal_point":[],"_joinchat":[],"footnotes":""},"yoast_head":"<!-- This site is optimized with the Yoast SEO plugin v24.5 - https:\/\/yoast.com\/wordpress\/plugins\/seo\/ -->\n<title>Garc\u00eda Acu\u00f1a - Break Point Estudio<\/title>\n<meta name=\"robots\" content=\"index, follow, max-snippet:-1, max-image-preview:large, max-video-preview:-1\" \/>\n<link rel=\"canonical\" href=\"https:\/\/www.bpestudio.com.ar\/web\/garcia-acuna\/\" \/>\n<meta property=\"og:locale\" content=\"es_ES\" \/>\n<meta property=\"og:type\" content=\"article\" \/>\n<meta property=\"og:title\" content=\"Garc\u00eda Acu\u00f1a - Break Point Estudio\" \/>\n<meta property=\"og:description\" content=\"Garc\u00eda Acu\u00f1a Despu\u00e9s que la fiesta pase, lo \u00fanico que quedar\u00e1 ser\u00e1n las fotos. La fotograf\u00eda est\u00e1 asociada a los recuerdos. Ese c\u00famulo de sensaciones y sentimientos vividos en un tiempo tan corto, pero planeado con mucha antelaci\u00f3n y ansiedad. Andrea y Rub\u00e9n son pareja y son fot\u00f3grafos. Ven\u00edan trabajando muchos a\u00f1os juntos sin animarse [&hellip;]\" \/>\n<meta property=\"og:url\" content=\"https:\/\/www.bpestudio.com.ar\/web\/garcia-acuna\/\" \/>\n<meta property=\"og:site_name\" content=\"Break Point Estudio\" \/>\n<meta property=\"article:publisher\" content=\"https:\/\/www.facebook.com\/breakpointstudio\" \/>\n<meta property=\"article:modified_time\" content=\"2026-04-09T21:34:13+00:00\" \/>\n<meta name=\"twitter:card\" content=\"summary_large_image\" \/>\n<meta name=\"twitter:label1\" content=\"Tiempo de lectura\" \/>\n\t<meta name=\"twitter:data1\" content=\"1 minuto\" \/>\n<script type=\"application\/ld+json\" class=\"yoast-schema-graph\">{\"@context\":\"https:\/\/schema.org\",\"@graph\":[{\"@type\":\"WebPage\",\"@id\":\"https:\/\/www.bpestudio.com.ar\/web\/garcia-acuna\/\",\"url\":\"https:\/\/www.bpestudio.com.ar\/web\/garcia-acuna\/\",\"name\":\"Garc\u00eda Acu\u00f1a - Break Point Estudio\",\"isPartOf\":{\"@id\":\"https:\/\/www.bpestudio.com.ar\/web\/#website\"},\"datePublished\":\"2020-04-15T18:55:49+00:00\",\"dateModified\":\"2026-04-09T21:34:13+00:00\",\"breadcrumb\":{\"@id\":\"https:\/\/www.bpestudio.com.ar\/web\/garcia-acuna\/#breadcrumb\"},\"inLanguage\":\"es\",\"potentialAction\":[{\"@type\":\"ReadAction\",\"target\":[\"https:\/\/www.bpestudio.com.ar\/web\/garcia-acuna\/\"]}]},{\"@type\":\"BreadcrumbList\",\"@id\":\"https:\/\/www.bpestudio.com.ar\/web\/garcia-acuna\/#breadcrumb\",\"itemListElement\":[{\"@type\":\"ListItem\",\"position\":1,\"name\":\"Portada\",\"item\":\"https:\/\/www.bpestudio.com.ar\/web\/\"},{\"@type\":\"ListItem\",\"position\":2,\"name\":\"Garc\u00eda Acu\u00f1a\"}]},{\"@type\":\"WebSite\",\"@id\":\"https:\/\/www.bpestudio.com.ar\/web\/#website\",\"url\":\"https:\/\/www.bpestudio.com.ar\/web\/\",\"name\":\"breakpoint Estudio\",\"description\":\"Estudio de Dise\u00f1o Monte Cristo C\u00f3rdoba\",\"publisher\":{\"@id\":\"https:\/\/www.bpestudio.com.ar\/web\/#organization\"},\"potentialAction\":[{\"@type\":\"SearchAction\",\"target\":{\"@type\":\"EntryPoint\",\"urlTemplate\":\"https:\/\/www.bpestudio.com.ar\/web\/?s={search_term_string}\"},\"query-input\":{\"@type\":\"PropertyValueSpecification\",\"valueRequired\":true,\"valueName\":\"search_term_string\"}}],\"inLanguage\":\"es\"},{\"@type\":\"Organization\",\"@id\":\"https:\/\/www.bpestudio.com.ar\/web\/#organization\",\"name\":\"BREAKPOINT STUDIO\",\"url\":\"https:\/\/www.bpestudio.com.ar\/web\/\",\"logo\":{\"@type\":\"ImageObject\",\"inLanguage\":\"es\",\"@id\":\"https:\/\/www.bpestudio.com.ar\/web\/#\/schema\/logo\/image\/\",\"url\":\"https:\/\/www.bpestudio.com.ar\/web\/wp-content\/uploads\/2020\/04\/Logo-Breakpoint-2020-1.svg\",\"contentUrl\":\"https:\/\/www.bpestudio.com.ar\/web\/wp-content\/uploads\/2020\/04\/Logo-Breakpoint-2020-1.svg\",\"width\":1,\"height\":1,\"caption\":\"BREAKPOINT STUDIO\"},\"image\":{\"@id\":\"https:\/\/www.bpestudio.com.ar\/web\/#\/schema\/logo\/image\/\"},\"sameAs\":[\"https:\/\/www.facebook.com\/breakpointstudio\",\"https:\/\/www.instagram.com\/breakpointestudio\"]}]}<\/script>\n<!-- \/ Yoast SEO plugin. -->","yoast_head_json":{"title":"Garc\u00eda Acu\u00f1a - Break Point Estudio","robots":{"index":"index","follow":"follow","max-snippet":"max-snippet:-1","max-image-preview":"max-image-preview:large","max-video-preview":"max-video-preview:-1"},"canonical":"https:\/\/www.bpestudio.com.ar\/web\/garcia-acuna\/","og_locale":"es_ES","og_type":"article","og_title":"Garc\u00eda Acu\u00f1a - Break Point Estudio","og_description":"Garc\u00eda Acu\u00f1a Despu\u00e9s que la fiesta pase, lo \u00fanico que quedar\u00e1 ser\u00e1n las fotos. La fotograf\u00eda est\u00e1 asociada a los recuerdos. Ese c\u00famulo de sensaciones y sentimientos vividos en un tiempo tan corto, pero planeado con mucha antelaci\u00f3n y ansiedad. Andrea y Rub\u00e9n son pareja y son fot\u00f3grafos. Ven\u00edan trabajando muchos a\u00f1os juntos sin animarse [&hellip;]","og_url":"https:\/\/www.bpestudio.com.ar\/web\/garcia-acuna\/","og_site_name":"Break Point Estudio","article_publisher":"https:\/\/www.facebook.com\/breakpointstudio","article_modified_time":"2026-04-09T21:34:13+00:00","twitter_card":"summary_large_image","twitter_misc":{"Tiempo de lectura":"1 minuto"},"schema":{"@context":"https:\/\/schema.org","@graph":[{"@type":"WebPage","@id":"https:\/\/www.bpestudio.com.ar\/web\/garcia-acuna\/","url":"https:\/\/www.bpestudio.com.ar\/web\/garcia-acuna\/","name":"Garc\u00eda Acu\u00f1a - Break Point Estudio","isPartOf":{"@id":"https:\/\/www.bpestudio.com.ar\/web\/#website"},"datePublished":"2020-04-15T18:55:49+00:00","dateModified":"2026-04-09T21:34:13+00:00","breadcrumb":{"@id":"https:\/\/www.bpestudio.com.ar\/web\/garcia-acuna\/#breadcrumb"},"inLanguage":"es","potentialAction":[{"@type":"ReadAction","target":["https:\/\/www.bpestudio.com.ar\/web\/garcia-acuna\/"]}]},{"@type":"BreadcrumbList","@id":"https:\/\/www.bpestudio.com.ar\/web\/garcia-acuna\/#breadcrumb","itemListElement":[{"@type":"ListItem","position":1,"name":"Portada","item":"https:\/\/www.bpestudio.com.ar\/web\/"},{"@type":"ListItem","position":2,"name":"Garc\u00eda Acu\u00f1a"}]},{"@type":"WebSite","@id":"https:\/\/www.bpestudio.com.ar\/web\/#website","url":"https:\/\/www.bpestudio.com.ar\/web\/","name":"breakpoint Estudio","description":"Estudio de Dise\u00f1o Monte Cristo C\u00f3rdoba","publisher":{"@id":"https:\/\/www.bpestudio.com.ar\/web\/#organization"},"potentialAction":[{"@type":"SearchAction","target":{"@type":"EntryPoint","urlTemplate":"https:\/\/www.bpestudio.com.ar\/web\/?s={search_term_string}"},"query-input":{"@type":"PropertyValueSpecification","valueRequired":true,"valueName":"search_term_string"}}],"inLanguage":"es"},{"@type":"Organization","@id":"https:\/\/www.bpestudio.com.ar\/web\/#organization","name":"BREAKPOINT STUDIO","url":"https:\/\/www.bpestudio.com.ar\/web\/","logo":{"@type":"ImageObject","inLanguage":"es","@id":"https:\/\/www.bpestudio.com.ar\/web\/#\/schema\/logo\/image\/","url":"https:\/\/www.bpestudio.com.ar\/web\/wp-content\/uploads\/2020\/04\/Logo-Breakpoint-2020-1.svg","contentUrl":"https:\/\/www.bpestudio.com.ar\/web\/wp-content\/uploads\/2020\/04\/Logo-Breakpoint-2020-1.svg","width":1,"height":1,"caption":"BREAKPOINT STUDIO"},"image":{"@id":"https:\/\/www.bpestudio.com.ar\/web\/#\/schema\/logo\/image\/"},"sameAs":["https:\/\/www.facebook.com\/breakpointstudio","https:\/\/www.instagram.com\/breakpointestudio"]}]}},"brizy_media":[{"id":2509,"url":"https:\/\/www.bpestudio.com.ar\/web\/wp-content\/uploads\/2020\/04\/01-Tarjeta.jpg","name":"01-Tarjeta.jpg","meta":{"brizy_attachment_uid":"wp-2bb63112090eea5c1cfcff7a8a8bc786","brizy_post_uid":["f61a4bc7d123df56beab8e3e74ce5094"]}},{"id":2517,"url":"https:\/\/www.bpestudio.com.ar\/web\/wp-content\/uploads\/2020\/04\/02-Folleto.jpg","name":"02-Folleto.jpg","meta":{"brizy_attachment_uid":"wp-8508131d47972c9c367422c779e29419","brizy_post_uid":["f61a4bc7d123df56beab8e3e74ce5094"]}},{"id":2524,"url":"https:\/\/www.bpestudio.com.ar\/web\/wp-content\/uploads\/2020\/04\/03-Folleto.jpg","name":"03-Folleto.jpg","meta":{"brizy_attachment_uid":"wp-6684e27161a4c301aa6eb427720e72f1","brizy_post_uid":["f61a4bc7d123df56beab8e3e74ce5094"]}},{"id":2530,"url":"https:\/\/www.bpestudio.com.ar\/web\/wp-content\/uploads\/2020\/04\/04-Facebook.jpg","name":"04-Facebook.jpg","meta":{"brizy_attachment_uid":"wp-994bbaadde85a9e7f7d87598463905da","brizy_post_uid":["f61a4bc7d123df56beab8e3e74ce5094"]}},{"id":2535,"url":"https:\/\/www.bpestudio.com.ar\/web\/wp-content\/uploads\/2020\/04\/05-Banner.jpg","name":"05-Banner.jpg","meta":{"brizy_attachment_uid":"wp-25e6c6c983990092e80c974c21be7925","brizy_post_uid":["f61a4bc7d123df56beab8e3e74ce5094","7719925bac8abc1158f9787d26d0dd17"]}}],"_links":{"self":[{"href":"https:\/\/www.bpestudio.com.ar\/web\/wp-json\/wp\/v2\/pages\/2503"}],"collection":[{"href":"https:\/\/www.bpestudio.com.ar\/web\/wp-json\/wp\/v2\/pages"}],"about":[{"href":"https:\/\/www.bpestudio.com.ar\/web\/wp-json\/wp\/v2\/types\/page"}],"author":[{"embeddable":true,"href":"https:\/\/www.bpestudio.com.ar\/web\/wp-json\/wp\/v2\/users\/1"}],"replies":[{"embeddable":true,"href":"https:\/\/www.bpestudio.com.ar\/web\/wp-json\/wp\/v2\/comments?post=2503"}],"version-history":[{"count":30,"href":"https:\/\/www.bpestudio.com.ar\/web\/wp-json\/wp\/v2\/pages\/2503\/revisions"}],"predecessor-version":[{"id":8014,"href":"https:\/\/www.bpestudio.com.ar\/web\/wp-json\/wp\/v2\/pages\/2503\/revisions\/8014"}],"wp:attachment":[{"href":"https:\/\/www.bpestudio.com.ar\/web\/wp-json\/wp\/v2\/media?parent=2503"}],"curies":[{"name":"wp","href":"https:\/\/api.w.org\/{rel}","templated":true}]}}