{"id":6966,"date":"2020-06-15T22:00:59","date_gmt":"2020-06-15T22:00:59","guid":{"rendered":"http:\/\/www.bpestudio.com.ar\/web\/?page_id=6966"},"modified":"2026-04-09T21:34:29","modified_gmt":"2026-04-09T21:34:29","slug":"mutual-rivadavia","status":"publish","type":"page","link":"https:\/\/www.bpestudio.com.ar\/web\/mutual-rivadavia\/","title":{"rendered":"Mutual Rivadavia"},"content":{"rendered":"<div class=\"brz-root__container brz-reset-all brz\">\n<section id=\"_gjqxspclzoyytmsvlxuenompskiflkybqjyk\" class=\"brz-section brz-css-k8a9P\">\n<div class=\"brz-section__content brz-section--boxed brz-css-eUTd4 brz-css-rpwx1\" data-brz-custom-id=\"tujxgecimpplfsduoudoehfjtodgoylfokag\">\n<div class=\"brz-bg\">\n<div class=\"brz-bg-image\"><\/div>\n<\/div>\n<div class=\"brz-container brz-css-dFcJ8\"><\/div>\n<\/div>\n<\/section>\n<section id=\"_vndmrywrphfcewvyiycadpvevdcpknvqpjid\" class=\"brz-section brz-css-k8a9P\">\n<div class=\"brz-section__content brz-section--boxed brz-css-eUTd4 brz-css-nBV8W\" data-brz-custom-id=\"nahxfxcsbmvlapyfxkjtbmgqmykkkfhpflio\">\n<div class=\"brz-container brz-css-dFcJ8\">\n<div id=\"\" class=\"brz-css-mIfg1 brz-wrapper\">\n<div class=\"brz-rich-text brz-rich-text__custom brz-css-l7nvp\" data-brz-custom-id=\"oigirrsfcfoqfifzkpsuqqsbxqunxpbpdrwi\">\n<div data-brz-translate-text=\"1\">\n<p class=\"brz-tp-heading3 brz-css-fMXoU\"><span class=\"brz-cp-color7\">Mutual Rivadavia<\/span><\/p>\n<\/div>\n<\/div>\n<\/div>\n<div id=\"\" class=\"brz-css-mIfg1 brz-wrapper\">\n<div class=\"brz-rich-text brz-rich-text__custom brz-css-l7nvp\" data-brz-custom-id=\"wbrzaedcawaqtlzznuwfieoqedsfgxzfkwqp\">\n<div data-brz-translate-text=\"1\">\n<p class=\"brz-tp-paragraph brz-css-a8yE4\"><span class=\"brz-cp-color7\">Con la Mutual ya hace m\u00e1s de 10 a\u00f1os que estamos trabajando juntos.Realizamos todo el seguimiento gr\u00e1fico diario de las acciones que va emprendiendo la instituci\u00f3n. La Mutual tiene diferentes y diversas unidades de negocio (Turismo, Red de Amigos, Proveedur\u00eda) por ende hay que coordinar y mantener una l\u00ednea est\u00e9tica para que sea coherente.Aqu\u00ed mostramos algunos trabajos que hicimos, porque nos ser\u00eda imposible poner todo.<\/span><\/p>\n<\/div>\n<\/div>\n<\/div>\n<div id=\"\" class=\"brz-css-mIfg1 brz-wrapper\">\n<div class=\"brz-rich-text brz-rich-text__custom brz-css-l7nvp\" data-brz-custom-id=\"axibiscmeoqgwbohfvctjrjhzfryvyqhrqzg\">\n<div data-brz-translate-text=\"1\">\n<p class=\"brz-lh-lg-1_8 brz-lh-sm-im-1_6 brz-lh-xs-im-1_6 brz-fs-lg-16 brz-fs-sm-im-13 brz-fs-xs-im-12 brz-ls-lg-0 brz-ls-sm-im-0 brz-ls-xs-im-0 brz-ff-raleway brz-ft-google brz-fw-lg-300 brz-fw-sm-im-300 brz-fw-xs-im-300 brz-css-yk1yp\"><strong class=\"brz-cp-color7\">Servicios<\/strong><\/p>\n<\/div>\n<\/div>\n<\/div>\n<div id=\"\" class=\"brz-css-mIfg1 brz-wrapper\">\n<div class=\"brz-rich-text brz-rich-text__custom brz-css-l7nvp\" data-brz-custom-id=\"vycbywhyprjquaynqfmvotyqxofhrcaeuore\">\n<div data-brz-translate-text=\"1\">\n<p class=\"brz-tp-paragraph brz-css-mGuYC\"><span class=\"brz-cp-color7\">Dise\u00f1o. Fotograf\u00eda. Impresi\u00f3n.<\/span><\/p>\n<\/div>\n<\/div>\n<\/div>\n<\/div>\n<\/div>\n<\/section>\n<section id=\"_yegboyzavpsbywzfvtnwunihxnqbeuritwth\" class=\"brz-section brz-css-k8a9P\">\n<div class=\"brz-section__content brz-section--boxed brz-css-eUTd4 brz-css-cESfT\" data-brz-custom-id=\"fkmimewephkzfnhojxbehiukevkwtdiqtamc\">\n<div class=\"brz-bg\">\n<div class=\"brz-bg-image\"><\/div>\n<\/div>\n<div class=\"brz-container brz-css-dFcJ8\"><\/div>\n<\/div>\n<\/section>\n<section id=\"_wiryzmdhktptrzbngtyfixwzghcajbrkbmzg\" class=\"brz-section brz-css-k8a9P\">\n<div class=\"brz-section__content brz-section--boxed brz-css-eUTd4 brz-css-b_Ch_\" data-brz-custom-id=\"fuhmfcrhnyomqqqqnlgopeaqyoiwwyncogja\">\n<div class=\"brz-bg\">\n<div class=\"brz-bg-image\"><\/div>\n<\/div>\n<div class=\"brz-container brz-css-dFcJ8\"><\/div>\n<\/div>\n<\/section>\n<section id=\"_xiqvtyfticevfrsgjjtxesmzbgxdexksdiyq\" class=\"brz-section brz-css-k8a9P\">\n<div class=\"brz-section__content brz-section--boxed brz-css-eUTd4 brz-css-vd_Xf\" data-brz-custom-id=\"kevjexiygqvuhmpieaegsdlkymhuhujlcbct\">\n<div class=\"brz-bg\">\n<div class=\"brz-bg-image\"><\/div>\n<\/div>\n<div class=\"brz-container brz-css-dFcJ8\"><\/div>\n<\/div>\n<\/section>\n<section id=\"_gjfdwcmqgusmaraizgcyqygfjbwqbvjraavh\" class=\"brz-section brz-css-k8a9P\">\n<div class=\"brz-section__content brz-section--boxed brz-css-eUTd4 brz-css-ysuqX\" data-brz-custom-id=\"mhgwutoopzylgbytaudcntufyyxdmlhjunrh\">\n<div class=\"brz-bg\">\n<div class=\"brz-bg-image\"><\/div>\n<\/div>\n<div class=\"brz-container brz-css-dFcJ8\"><\/div>\n<\/div>\n<\/section>\n<section id=\"_lksysgljphftxmpoudrayqsafdpqsrtctrve\" class=\"brz-section brz-css-k8a9P\">\n<div class=\"brz-section__content brz-section--boxed brz-css-eUTd4 brz-css-fQeqq\" data-brz-custom-id=\"gfmbpkbbwxaushjumkhijifzehzvsqvlbbot\">\n<div class=\"brz-bg\">\n<div class=\"brz-bg-image\"><\/div>\n<\/div>\n<div class=\"brz-container brz-css-dFcJ8\"><\/div>\n<\/div>\n<\/section>\n<section id=\"_ahpqjtxkzibhcevxxftjcbqzyzagmabtanek\" class=\"brz-section brz-css-k8a9P\">\n<div class=\"brz-section__content brz-section--boxed brz-css-eUTd4 brz-css-v6PAp\" data-brz-custom-id=\"daksnoefzkwblbmkphoxrchhvkoiffcmdovt\">\n<div class=\"brz-bg\">\n<div class=\"brz-bg-image\"><\/div>\n<\/div>\n<div class=\"brz-container brz-css-dFcJ8\"><\/div>\n<\/div>\n<\/section>\n<section id=\"_hgfgpujimdbaxihajbusczgqkphhkgpnlwpf\" class=\"brz-section brz-css-k8a9P\">\n<div class=\"brz-section__content brz-section--boxed brz-css-eUTd4 brz-css-dkdrp\" data-brz-custom-id=\"kjuarekhkkyvdwwvovjeratmywzfnxmhefaf\">\n<div class=\"brz-bg\">\n<div class=\"brz-bg-color\"><\/div>\n<\/div>\n<div class=\"brz-container brz-css-dFcJ8\">\n<div class=\"brz-row__container brz-css-z8jsN\" data-brz-custom-id=\"cdlwchdsfrjzdlodnoqbafdfnsybrfxargqc\">\n<div class=\"brz-bg\"><\/div>\n<div class=\"brz-row brz-css-awqiW brz-css-m0gq2\">\n<div class=\"brz-columns brz-css-aSh1u brz-css-fnIxd\" data-brz-custom-id=\"ppbaevanieqzsitbwhdgvmwfodozuvigxssw\">\n<div class=\"brz-bg\"><\/div>\n<div class=\"brz-column__items brz-css-dGjqC brz-css-hiqdS\">\n<div class=\"brz-row__container brz-css-z8jsN\" data-brz-custom-id=\"bhbuqutphanpwtwkklhevnwwbnmzkwrcsmng\">\n<div class=\"brz-bg\"><\/div>\n<div class=\"brz-row brz-row--inner brz-css-awqiW brz-css-m0gq2\">\n<div class=\"brz-columns brz-css-aSh1u brz-css-iqJaT\" data-brz-custom-id=\"bfpvfeqbauqrsberswtfoywgngbssqcqrjkl\">\n<div class=\"brz-bg\"><\/div>\n<div class=\"brz-column__items brz-css-dGjqC\">\n<div id=\"\" class=\"brz-css-mIfg1 brz-css-fQE4J brz-wrapper\">\n<div class=\"brz-rich-text brz-rich-text__custom brz-css-l7nvp\" data-brz-custom-id=\"gntfsugoyvvzesncvhfjlcqrsmxnmxxgqmnt\">\n<div data-brz-translate-text=\"1\">\n<p class=\"brz-tp-paragraph brz-bcp-color7 brz-text-lg-justify brz-css-f579_\"><a class=\"link--external\" href=\"https:\/\/www.bpestudio.com.ar\/web\/aromas\/\" data-brz-link-type=\"external\"><strong>&lt; Trabajo anterior<\/strong><\/a><\/p>\n<\/div>\n<\/div>\n<\/div>\n<\/div>\n<\/div>\n<div class=\"brz-columns brz-css-aSh1u brz-css-uzcbI\" data-brz-custom-id=\"mclhwezqsqpdluiuonytlgiywhdmzhimcjwu\">\n<div class=\"brz-bg\"><\/div>\n<div class=\"brz-column__items brz-css-dGjqC\">\n<div class=\"brz-wrapper-clone brz-css-e2oem brz-css-jmGhz\">\n<div class=\"brz-d-xs-flex brz-flex-xs-wrap brz-css-jz2HT\" data-brz-custom-id=\"\">\n<div class=\"brz-wrapper-clone__item\" id=\"qahmdfvcprltsykkenwjigljuoocnmdahdro\">\n<div class=\"brz-icon__container\" data-brz-custom-id=\"qahmdfvcprltsykkenwjigljuoocnmdahdro\">\n<div class=\"brz-hover-animation__container\" data-brz-hover-animationid=\"gnkmnoduvarmhyovirttcrzgoarmfflkysoq\" data-brz-hover-options=\"%7B%22duration%22:600,%22iterations%22:1%7D\" data-brz-hover-reversible=\"true\" data-brz-hover-target=\"%22firstChild%22\"><a class=\"brz-a brz-anchor\" href=\"#_gjqxspclzoyytmsvlxuenompskiflkybqjyk\" target=\"_self\" rel=\"noopener\" data-brz-link-type=\"anchor\"><span class=\"brz-icon brz-span brz-css-kUPly brz-css-n4fUQ\"><\/span><\/a><\/div>\n<\/div>\n<\/div>\n<\/div>\n<\/div>\n<\/div>\n<\/div>\n<div class=\"brz-columns brz-css-aSh1u brz-css-hAUU0\" data-brz-custom-id=\"ctfnvfipubwymanmqaosionrcjvqgfmkdifk\">\n<div class=\"brz-bg\"><\/div>\n<div class=\"brz-column__items brz-css-dGjqC\">\n<div id=\"\" class=\"brz-css-mIfg1 brz-css-fMLev brz-wrapper\">\n<div class=\"brz-rich-text brz-rich-text__custom brz-css-l7nvp\" data-brz-custom-id=\"ndmsatwbicgcgcnmpvdynvshvehpaeflcmdo\">\n<div data-brz-translate-text=\"1\">\n<p class=\"brz-text-lg-right brz-bcp-color7 brz-tp-paragraph brz-css-vkN5n\"><a class=\"link--external\" href=\"https:\/\/www.bpestudio.com.ar\/web\/abacor\/\" data-brz-link-type=\"external\"><strong>Siguiente trabajo &gt;<\/strong><\/a><span> <\/span><\/p>\n<\/div>\n<\/div>\n<\/div>\n<\/div>\n<\/div>\n<\/div>\n<\/div>\n<\/div>\n<\/div>\n<\/div>\n<\/div>\n<\/div>\n<\/div>\n<\/section>\n<\/div>\n<p>    <!-- version:1732233529 --><\/p>\n","protected":false},"excerpt":{"rendered":"<p>Mutual Rivadavia Con la Mutual ya hace m\u00e1s de 10 a\u00f1os que estamos trabajando juntos.Realizamos todo el seguimiento gr\u00e1fico diario de las acciones que va emprendiendo la instituci\u00f3n. La Mutual tiene diferentes y diversas unidades de negocio (Turismo, Red de Amigos, Proveedur\u00eda) por ende hay que coordinar y mantener una l\u00ednea est\u00e9tica para que sea [&hellip;]<\/p>\n","protected":false},"author":1,"featured_media":0,"parent":0,"menu_order":0,"comment_status":"closed","ping_status":"closed","template":"","meta":{"ocean_post_layout":"full-screen","ocean_both_sidebars_style":"","ocean_both_sidebars_content_width":0,"ocean_both_sidebars_sidebars_width":0,"ocean_sidebar":"0","ocean_second_sidebar":"0","ocean_disable_margins":"on","ocean_add_body_class":"","ocean_shortcode_before_top_bar":"","ocean_shortcode_after_top_bar":"","ocean_shortcode_before_header":"","ocean_shortcode_after_header":"","ocean_has_shortcode":"","ocean_shortcode_after_title":"","ocean_shortcode_before_footer_widgets":"","ocean_shortcode_after_footer_widgets":"","ocean_shortcode_before_footer_bottom":"","ocean_shortcode_after_footer_bottom":"","ocean_display_top_bar":"off","ocean_display_header":"on","ocean_header_style":"full_screen","ocean_center_header_left_menu":"0","ocean_custom_header_template":"0","ocean_custom_logo":0,"ocean_custom_retina_logo":0,"ocean_custom_logo_max_width":0,"ocean_custom_logo_tablet_max_width":0,"ocean_custom_logo_mobile_max_width":0,"ocean_custom_logo_max_height":0,"ocean_custom_logo_tablet_max_height":0,"ocean_custom_logo_mobile_max_height":0,"ocean_header_custom_menu":"0","ocean_menu_typo_font_family":"0","ocean_menu_typo_font_subset":"","ocean_menu_typo_font_size":0,"ocean_menu_typo_font_size_tablet":0,"ocean_menu_typo_font_size_mobile":0,"ocean_menu_typo_font_size_unit":"px","ocean_menu_typo_font_weight":"","ocean_menu_typo_font_weight_tablet":"","ocean_menu_typo_font_weight_mobile":"","ocean_menu_typo_transform":"","ocean_menu_typo_transform_tablet":"","ocean_menu_typo_transform_mobile":"","ocean_menu_typo_line_height":0,"ocean_menu_typo_line_height_tablet":0,"ocean_menu_typo_line_height_mobile":0,"ocean_menu_typo_line_height_unit":"","ocean_menu_typo_spacing":0,"ocean_menu_typo_spacing_tablet":0,"ocean_menu_typo_spacing_mobile":0,"ocean_menu_typo_spacing_unit":"","ocean_menu_link_color":"","ocean_menu_link_color_hover":"","ocean_menu_link_color_active":"","ocean_menu_link_background":"","ocean_menu_link_hover_background":"","ocean_menu_link_active_background":"","ocean_menu_social_links_bg":"","ocean_menu_social_hover_links_bg":"","ocean_menu_social_links_color":"","ocean_menu_social_hover_links_color":"","ocean_disable_title":"on","ocean_disable_heading":"default","ocean_post_title":"","ocean_post_subheading":"","ocean_post_title_style":"","ocean_post_title_background_color":"","ocean_post_title_background":0,"ocean_post_title_bg_image_position":"","ocean_post_title_bg_image_attachment":"","ocean_post_title_bg_image_repeat":"","ocean_post_title_bg_image_size":"","ocean_post_title_height":0,"ocean_post_title_bg_overlay":0.5,"ocean_post_title_bg_overlay_color":"","ocean_disable_breadcrumbs":"default","ocean_breadcrumbs_color":"","ocean_breadcrumbs_separator_color":"","ocean_breadcrumbs_links_color":"","ocean_breadcrumbs_links_hover_color":"","ocean_display_footer_widgets":"default","ocean_display_footer_bottom":"default","ocean_custom_footer_template":"0","_vp_format_video_url":"","_vp_image_focal_point":[],"_joinchat":[],"footnotes":""},"yoast_head":"<!-- This site is optimized with the Yoast SEO plugin v24.5 - https:\/\/yoast.com\/wordpress\/plugins\/seo\/ -->\n<title>Mutual Rivadavia - Break Point Estudio<\/title>\n<meta name=\"robots\" content=\"index, follow, max-snippet:-1, max-image-preview:large, max-video-preview:-1\" \/>\n<link rel=\"canonical\" href=\"https:\/\/www.bpestudio.com.ar\/web\/mutual-rivadavia\/\" \/>\n<meta property=\"og:locale\" content=\"es_ES\" \/>\n<meta property=\"og:type\" content=\"article\" \/>\n<meta property=\"og:title\" content=\"Mutual Rivadavia - Break Point Estudio\" \/>\n<meta property=\"og:description\" content=\"Mutual Rivadavia Con la Mutual ya hace m\u00e1s de 10 a\u00f1os que estamos trabajando juntos.Realizamos todo el seguimiento gr\u00e1fico diario de las acciones que va emprendiendo la instituci\u00f3n. La Mutual tiene diferentes y diversas unidades de negocio (Turismo, Red de Amigos, Proveedur\u00eda) por ende hay que coordinar y mantener una l\u00ednea est\u00e9tica para que sea [&hellip;]\" \/>\n<meta property=\"og:url\" content=\"https:\/\/www.bpestudio.com.ar\/web\/mutual-rivadavia\/\" \/>\n<meta property=\"og:site_name\" content=\"Break Point Estudio\" \/>\n<meta property=\"article:publisher\" content=\"https:\/\/www.facebook.com\/breakpointstudio\" \/>\n<meta property=\"article:modified_time\" content=\"2026-04-09T21:34:29+00:00\" \/>\n<meta name=\"twitter:card\" content=\"summary_large_image\" \/>\n<script type=\"application\/ld+json\" class=\"yoast-schema-graph\">{\"@context\":\"https:\/\/schema.org\",\"@graph\":[{\"@type\":\"WebPage\",\"@id\":\"https:\/\/www.bpestudio.com.ar\/web\/mutual-rivadavia\/\",\"url\":\"https:\/\/www.bpestudio.com.ar\/web\/mutual-rivadavia\/\",\"name\":\"Mutual Rivadavia - Break Point Estudio\",\"isPartOf\":{\"@id\":\"https:\/\/www.bpestudio.com.ar\/web\/#website\"},\"datePublished\":\"2020-06-15T22:00:59+00:00\",\"dateModified\":\"2026-04-09T21:34:29+00:00\",\"breadcrumb\":{\"@id\":\"https:\/\/www.bpestudio.com.ar\/web\/mutual-rivadavia\/#breadcrumb\"},\"inLanguage\":\"es\",\"potentialAction\":[{\"@type\":\"ReadAction\",\"target\":[\"https:\/\/www.bpestudio.com.ar\/web\/mutual-rivadavia\/\"]}]},{\"@type\":\"BreadcrumbList\",\"@id\":\"https:\/\/www.bpestudio.com.ar\/web\/mutual-rivadavia\/#breadcrumb\",\"itemListElement\":[{\"@type\":\"ListItem\",\"position\":1,\"name\":\"Portada\",\"item\":\"https:\/\/www.bpestudio.com.ar\/web\/\"},{\"@type\":\"ListItem\",\"position\":2,\"name\":\"Mutual Rivadavia\"}]},{\"@type\":\"WebSite\",\"@id\":\"https:\/\/www.bpestudio.com.ar\/web\/#website\",\"url\":\"https:\/\/www.bpestudio.com.ar\/web\/\",\"name\":\"breakpoint Estudio\",\"description\":\"Estudio de Dise\u00f1o Monte Cristo C\u00f3rdoba\",\"publisher\":{\"@id\":\"https:\/\/www.bpestudio.com.ar\/web\/#organization\"},\"potentialAction\":[{\"@type\":\"SearchAction\",\"target\":{\"@type\":\"EntryPoint\",\"urlTemplate\":\"https:\/\/www.bpestudio.com.ar\/web\/?s={search_term_string}\"},\"query-input\":{\"@type\":\"PropertyValueSpecification\",\"valueRequired\":true,\"valueName\":\"search_term_string\"}}],\"inLanguage\":\"es\"},{\"@type\":\"Organization\",\"@id\":\"https:\/\/www.bpestudio.com.ar\/web\/#organization\",\"name\":\"BREAKPOINT STUDIO\",\"url\":\"https:\/\/www.bpestudio.com.ar\/web\/\",\"logo\":{\"@type\":\"ImageObject\",\"inLanguage\":\"es\",\"@id\":\"https:\/\/www.bpestudio.com.ar\/web\/#\/schema\/logo\/image\/\",\"url\":\"https:\/\/www.bpestudio.com.ar\/web\/wp-content\/uploads\/2020\/04\/Logo-Breakpoint-2020-1.svg\",\"contentUrl\":\"https:\/\/www.bpestudio.com.ar\/web\/wp-content\/uploads\/2020\/04\/Logo-Breakpoint-2020-1.svg\",\"width\":1,\"height\":1,\"caption\":\"BREAKPOINT STUDIO\"},\"image\":{\"@id\":\"https:\/\/www.bpestudio.com.ar\/web\/#\/schema\/logo\/image\/\"},\"sameAs\":[\"https:\/\/www.facebook.com\/breakpointstudio\",\"https:\/\/www.instagram.com\/breakpointestudio\"]}]}<\/script>\n<!-- \/ Yoast SEO plugin. -->","yoast_head_json":{"title":"Mutual Rivadavia - Break Point Estudio","robots":{"index":"index","follow":"follow","max-snippet":"max-snippet:-1","max-image-preview":"max-image-preview:large","max-video-preview":"max-video-preview:-1"},"canonical":"https:\/\/www.bpestudio.com.ar\/web\/mutual-rivadavia\/","og_locale":"es_ES","og_type":"article","og_title":"Mutual Rivadavia - Break Point Estudio","og_description":"Mutual Rivadavia Con la Mutual ya hace m\u00e1s de 10 a\u00f1os que estamos trabajando juntos.Realizamos todo el seguimiento gr\u00e1fico diario de las acciones que va emprendiendo la instituci\u00f3n. La Mutual tiene diferentes y diversas unidades de negocio (Turismo, Red de Amigos, Proveedur\u00eda) por ende hay que coordinar y mantener una l\u00ednea est\u00e9tica para que sea [&hellip;]","og_url":"https:\/\/www.bpestudio.com.ar\/web\/mutual-rivadavia\/","og_site_name":"Break Point Estudio","article_publisher":"https:\/\/www.facebook.com\/breakpointstudio","article_modified_time":"2026-04-09T21:34:29+00:00","twitter_card":"summary_large_image","schema":{"@context":"https:\/\/schema.org","@graph":[{"@type":"WebPage","@id":"https:\/\/www.bpestudio.com.ar\/web\/mutual-rivadavia\/","url":"https:\/\/www.bpestudio.com.ar\/web\/mutual-rivadavia\/","name":"Mutual Rivadavia - Break Point Estudio","isPartOf":{"@id":"https:\/\/www.bpestudio.com.ar\/web\/#website"},"datePublished":"2020-06-15T22:00:59+00:00","dateModified":"2026-04-09T21:34:29+00:00","breadcrumb":{"@id":"https:\/\/www.bpestudio.com.ar\/web\/mutual-rivadavia\/#breadcrumb"},"inLanguage":"es","potentialAction":[{"@type":"ReadAction","target":["https:\/\/www.bpestudio.com.ar\/web\/mutual-rivadavia\/"]}]},{"@type":"BreadcrumbList","@id":"https:\/\/www.bpestudio.com.ar\/web\/mutual-rivadavia\/#breadcrumb","itemListElement":[{"@type":"ListItem","position":1,"name":"Portada","item":"https:\/\/www.bpestudio.com.ar\/web\/"},{"@type":"ListItem","position":2,"name":"Mutual Rivadavia"}]},{"@type":"WebSite","@id":"https:\/\/www.bpestudio.com.ar\/web\/#website","url":"https:\/\/www.bpestudio.com.ar\/web\/","name":"breakpoint Estudio","description":"Estudio de Dise\u00f1o Monte Cristo C\u00f3rdoba","publisher":{"@id":"https:\/\/www.bpestudio.com.ar\/web\/#organization"},"potentialAction":[{"@type":"SearchAction","target":{"@type":"EntryPoint","urlTemplate":"https:\/\/www.bpestudio.com.ar\/web\/?s={search_term_string}"},"query-input":{"@type":"PropertyValueSpecification","valueRequired":true,"valueName":"search_term_string"}}],"inLanguage":"es"},{"@type":"Organization","@id":"https:\/\/www.bpestudio.com.ar\/web\/#organization","name":"BREAKPOINT STUDIO","url":"https:\/\/www.bpestudio.com.ar\/web\/","logo":{"@type":"ImageObject","inLanguage":"es","@id":"https:\/\/www.bpestudio.com.ar\/web\/#\/schema\/logo\/image\/","url":"https:\/\/www.bpestudio.com.ar\/web\/wp-content\/uploads\/2020\/04\/Logo-Breakpoint-2020-1.svg","contentUrl":"https:\/\/www.bpestudio.com.ar\/web\/wp-content\/uploads\/2020\/04\/Logo-Breakpoint-2020-1.svg","width":1,"height":1,"caption":"BREAKPOINT STUDIO"},"image":{"@id":"https:\/\/www.bpestudio.com.ar\/web\/#\/schema\/logo\/image\/"},"sameAs":["https:\/\/www.facebook.com\/breakpointstudio","https:\/\/www.instagram.com\/breakpointestudio"]}]}},"brizy_media":[{"id":6990,"url":"https:\/\/www.bpestudio.com.ar\/web\/wp-content\/uploads\/2020\/06\/01-Red-de-Amigos.jpg","name":"01-Red-de-Amigos.jpg","meta":{"brizy_attachment_uid":"wp-fd7f4a978f794cd6791d16cd2fb84cbe","brizy_post_uid":["17d642c16d1d72b20ce22cbf5320cc5c"]}},{"id":7019,"url":"https:\/\/www.bpestudio.com.ar\/web\/wp-content\/uploads\/2020\/06\/02-Red-de-Amigos.jpg","name":"02-Red-de-Amigos.jpg","meta":{"brizy_attachment_uid":"wp-bf69fef1d3891bf6c32caeba4cf497d5","brizy_post_uid":["17d642c16d1d72b20ce22cbf5320cc5c"]}},{"id":7028,"url":"https:\/\/www.bpestudio.com.ar\/web\/wp-content\/uploads\/2020\/06\/03-Campa\u00f1a-Bolsas.jpg","name":"03-Campa\u00f1a-Bolsas.jpg","meta":{"brizy_attachment_uid":"wp-571ef090200435bdfd11334e0697fc3f","brizy_post_uid":["17d642c16d1d72b20ce22cbf5320cc5c"]}},{"id":7033,"url":"https:\/\/www.bpestudio.com.ar\/web\/wp-content\/uploads\/2020\/06\/04-Mailing-Turismo.jpg","name":"04-Mailing-Turismo.jpg","meta":{"brizy_attachment_uid":"wp-a931971b35e84dff9d0f6d4c1fb0f01a","brizy_post_uid":["17d642c16d1d72b20ce22cbf5320cc5c"]}},{"id":7044,"url":"https:\/\/www.bpestudio.com.ar\/web\/wp-content\/uploads\/2020\/06\/05-Mailing-Turismo.jpg","name":"05-Mailing-Turismo.jpg","meta":{"brizy_attachment_uid":"wp-cb2a571c8060563d34c6d71ce12c5543","brizy_post_uid":["17d642c16d1d72b20ce22cbf5320cc5c"]}},{"id":7049,"url":"https:\/\/www.bpestudio.com.ar\/web\/wp-content\/uploads\/2020\/06\/07-Mailing-Turismo.jpg","name":"07-Mailing-Turismo.jpg","meta":{"brizy_attachment_uid":"wp-8a117a69979e6dbd1491e2fe850f1971","brizy_post_uid":["17d642c16d1d72b20ce22cbf5320cc5c"]}},{"id":7054,"url":"https:\/\/www.bpestudio.com.ar\/web\/wp-content\/uploads\/2020\/06\/08-Folleto-Servicios.jpg","name":"08-Folleto-Servicios.jpg","meta":{"brizy_attachment_uid":"wp-14fd50e958eacc7fd5f88ab08d8c5b72","brizy_post_uid":["17d642c16d1d72b20ce22cbf5320cc5c"]}},{"id":7061,"url":"https:\/\/www.bpestudio.com.ar\/web\/wp-content\/uploads\/2020\/06\/09-Folleto-Servicios.jpg","name":"09-Folleto-Servicios.jpg","meta":{"brizy_attachment_uid":"wp-b36bebd9ea3fd680c479c147836db7cd","brizy_post_uid":["17d642c16d1d72b20ce22cbf5320cc5c"]}}],"_links":{"self":[{"href":"https:\/\/www.bpestudio.com.ar\/web\/wp-json\/wp\/v2\/pages\/6966"}],"collection":[{"href":"https:\/\/www.bpestudio.com.ar\/web\/wp-json\/wp\/v2\/pages"}],"about":[{"href":"https:\/\/www.bpestudio.com.ar\/web\/wp-json\/wp\/v2\/types\/page"}],"author":[{"embeddable":true,"href":"https:\/\/www.bpestudio.com.ar\/web\/wp-json\/wp\/v2\/users\/1"}],"replies":[{"embeddable":true,"href":"https:\/\/www.bpestudio.com.ar\/web\/wp-json\/wp\/v2\/comments?post=6966"}],"version-history":[{"count":26,"href":"https:\/\/www.bpestudio.com.ar\/web\/wp-json\/wp\/v2\/pages\/6966\/revisions"}],"predecessor-version":[{"id":8009,"href":"https:\/\/www.bpestudio.com.ar\/web\/wp-json\/wp\/v2\/pages\/6966\/revisions\/8009"}],"wp:attachment":[{"href":"https:\/\/www.bpestudio.com.ar\/web\/wp-json\/wp\/v2\/media?parent=6966"}],"curies":[{"name":"wp","href":"https:\/\/api.w.org\/{rel}","templated":true}]}}